{"id":2206,"date":"2022-11-23T12:51:00","date_gmt":"2022-11-23T17:51:00","guid":{"rendered":"https:\/\/cornejoasociados.com\/legal\/?page_id=2206"},"modified":"2026-04-12T00:24:27","modified_gmt":"2026-04-12T05:24:27","slug":"staff","status":"publish","type":"page","link":"https:\/\/cornejoasociados.com\/legal\/staff\/","title":{"rendered":"Staff"},"content":{"rendered":"<div class=\"brz brz-root__container brz-reset-all brz-root__container-page\">\n<section id=\"f1beb00dba59feb1fff2_udpkpoikggbwwdrymmlanrxcrlliqbnhkaxa\" class=\"brz-section brz-css-4o6wls brz-css-zblma5\">\n<div class=\"brz-section__content brz-section--boxed brz-css-p9my8c brz-css-ddqlkj\" data-brz-custom-id=\"kjlfzahbajrxpcoltaytpugubyyxqmhlfkhz\">\n<div class=\"brz-bg\">\n<div class=\"brz-bg-image\"><\/div>\n<\/div>\n<div class=\"brz-container brz-css-9hru5s brz-css-el0gio\">\n<div id=\"\" class=\"brz-css-zgsn5q brz-css-idt06q brz-css-1cjdglx brz-wrapper\">\n<div class=\"brz-spacer brz-css-1tpqx3w brz-css-1pv05ga\"><\/div>\n<\/div>\n<\/div>\n<\/div>\n<\/section>\n<section id=\"5249c0fcb3dd2fa3de43_fcweddmmpyuqngzuinsrwzijbmeuyehxkfyc\" class=\"brz-section brz-css-tw9fj3 brz-css-1jyqzqc\">\n<div class=\"brz-section__content brz-section--boxed brz-css-1bllekx brz-css-5u0t6p\" data-brz-custom-id=\"zsqztibowktigweajakigeeynuvrdthvfsln\">\n<div class=\"brz-bg\">\n<div class=\"brz-bg-color\"><\/div>\n<\/div>\n<div class=\"brz-container brz-css-6emul9 brz-css-u7zcdm\">\n<div id=\"\" class=\"brz-css-ob24b1 brz-css-1sqcm1j brz-wrapper\">\n<div class=\"brz-rich-text brz-rich-text__custom brz-css-1sydrn8 brz-css-top3kj\" data-brz-custom-id=\"ldudtdrpdngzyujhtrtebeeflidgbrlgofkc\">\n<div data-brz-translate-text=\"1\">\n<h1 class=\"brz-tp-lg-heading1 brz-text-lg-center brz-css-xheAz\" data-uniq-id=\"jyxgf\" data-generated-css=\"brz-css-osanp\"><span class=\"brz-cp-color2\">Staff profesional<\/span><\/h1>\n<\/div>\n<\/div>\n<\/div>\n<div id=\"\" class=\"brz-css-ob24b1 brz-css-1q9pizo brz-css-1pwsnu9 brz-wrapper\">\n<div class=\"brz-spacer brz-css-p5jg6n brz-css-jkxi9p\"><\/div>\n<\/div>\n<div class=\"brz-row__container brz-css-1pm2n61 brz-css-fkaeid\" data-brz-custom-id=\"lnohyopcohkucsnnvscmunxldhmmxvnfaajl\">\n<div class=\"brz-row brz-css-1j3tjzd brz-css-uaj7v4 brz-css-1d3brw6\">\n<div class=\"brz-columns brz-css-1cfv40b brz-css-1pw86w4\" data-brz-custom-id=\"okrwxubhkhavermwgbesmixwjzmsmwqhamzf\">\n<div class=\"brz-column__items brz-css-dhl0iz brz-css-9661v4\">\n<div class=\"brz-row__container brz-css-1pm2n61 brz-css-148scle\" data-brz-custom-id=\"dufgrgxfztixnoxypietakkgflqzaumgmqxp\">\n<div class=\"brz-row brz-row--inner brz-css-1j3tjzd brz-css-uaj7v4 brz-css-1j0lmes\">\n<div class=\"brz-columns brz-css-1cfv40b brz-css-3qfxry\" data-brz-custom-id=\"quedbmcbqnulrddargytmxwxrmbfthclzdhm\">\n<div class=\"brz-column__items brz-css-dhl0iz brz-css-1p8euse\">\n<div id=\"\" class=\"brz-css-ob24b1 brz-css-hfypg brz-wrapper\">\n<div class=\"brz-image brz-css-cte86o brz-css-6t6zmq\" data-brz-custom-id=\"zbrdjfplzsjfltnqxhjkjxynyjifqgdlucee\"><img decoding=\"async\" class=\"brz-img\" src=\"https:\/\/cornejoasociados.com\/legal\/wp-content\/uploads\/brizy\/imgs\/karla-160x209x0x22x160x165x1669658037.jpg\" alt=\"\" title=\"karla\" loading=\"lazy\"><\/div>\n<\/div>\n<\/div>\n<\/div>\n<div class=\"brz-columns brz-css-1cfv40b brz-css-uc3oc0\" data-brz-custom-id=\"ygpqygxnfdmflgmjswrjmonljhkfzrlvmwyz\">\n<div class=\"brz-column__items brz-css-dhl0iz brz-css-1nqezw9\">\n<div id=\"\" class=\"brz-css-ob24b1 brz-css-jwli59 brz-wrapper\">\n<div class=\"brz-rich-text brz-rich-text__custom brz-css-1sydrn8 brz-css-pb7vfa\" data-brz-custom-id=\"rshadwxicfutdlvddvnuytxywwmyvnqpqcjy\">\n<div data-brz-translate-text=\"1\">\n<h4 class=\"brz-tp-lg-heading4 brz-text-xs-center brz-css-vJd1y\" data-generated-css=\"brz-css-ytldp\" data-uniq-id=\"jduvg\"><span class=\"brz-cp-color2\">Karla Cornejo Villar<\/span><\/h4>\n<\/div>\n<\/div>\n<\/div>\n<div id=\"\" class=\"brz-css-ob24b1 brz-css-1aaiew6 brz-wrapper\">\n<div class=\"brz-rich-text brz-rich-text__custom brz-css-1sydrn8 brz-css-1sdmqkg\" data-brz-custom-id=\"gnckeovtnvbdetqitkkanjpsgcunrhcfzizj\">\n<div data-brz-translate-text=\"1\">\n<p class=\"brz-text-lg-justify brz-text-xs-center brz-tp-lg-paragraph brz-css-ta9Ab\" data-uniq-id=\"rxbym\" data-generated-css=\"brz-css-lfvgg\"><span class=\"brz-cp-color7\" style=\"background-color: transparent\">Es socia principal del estudio Jur\u00eddico, es experta en Derecho de Empresa, Inmobiliario y Laboral. Egresada de la facultad de Derecho de la Universidad San Mart\u00edn de Porres. Con Maestr\u00eda en Derecho de Trabajo Universidad San Mart\u00edn de Porres. Post Grado en Derecho Registral Inmobiliario.<\/span><\/p>\n<p class=\"brz-text-lg-justify brz-text-xs-center brz-tp-lg-paragraph brz-css-iu6Wr\" data-uniq-id=\"qlgzc\" data-generated-css=\"brz-css-sbpau\"><span class=\"brz-cp-color7\" style=\"background-color: transparent\"> <\/span><\/p>\n<p class=\"brz-text-lg-justify brz-text-xs-center brz-tp-lg-paragraph brz-css-ieT1D\" data-uniq-id=\"vxzke\" data-generated-css=\"brz-css-ixwgp\"><span class=\"brz-cp-color7\" style=\"background-color: transparent\">Se desempe\u00f1\u00e9 como Jefa del \u00c1rea de Recursos Humanos del Estudio V\u00e1squez R\u00edos y como Jefa del \u00c1rea legal de Turismo Civa; como abogada en la Municipalidad del Callao luego de dedicarme por completo al \u00c1rea Privada. Como Directora Acad\u00e9mica de la Municipalidad de San Miguel y de Asociaci\u00f3n de Abogados de San Miguel, como Coordinadora de Infracciones de la Direcci\u00f3n General de la Direcci\u00f3n General de Control y Supervisi\u00f3n de Comunicaciones y actualmente Coordino acciones entre el Estudio e Inmobiliaria Cornejo de la cual soy su accionista principal.<\/span><\/p>\n<p class=\"brz-text-lg-justify brz-text-xs-center brz-tp-lg-paragraph brz-css-fvtUk\" data-uniq-id=\"vdulz\" data-generated-css=\"brz-css-dyyon\"><\/p>\n<p class=\"brz-text-xs-center brz-tp-lg-paragraph brz-css-qQO4l\" data-uniq-id=\"xrodg\" data-generated-css=\"brz-css-kwfrq\"><span class=\"brz-cp-color7\" style=\"background-color: transparent\"> Tel.: (+51) 993618842<\/span><\/p>\n<p class=\"brz-text-xs-center brz-tp-lg-paragraph brz-css-q9BzT\" data-uniq-id=\"xrodg\" data-generated-css=\"brz-css-kwfrq\">Correo electr\u00f3nico: karla@cornejoasociados.com<\/p>\n<p class=\"brz-text-lg-right brz-text-xs-center brz-tp-lg-paragraph brz-css-lcHQi\" data-uniq-id=\"rkhug\" data-generated-css=\"brz-css-fjcue\"><span class=\"brz-cp-color7\" style=\"background-color: transparent\"> <\/span><\/p>\n<\/div>\n<\/div>\n<\/div>\n<\/div>\n<\/div>\n<\/div>\n<\/div>\n<div id=\"\" class=\"brz-css-ob24b1 brz-css-1h7vu5y brz-wrapper\">\n<div class=\"brz-line brz-line-default brz-css-6mp222 brz-css-gasuoa\" data-brz-custom-id=\"sedopwfphgnpmjytqfvkhjerdvbyylxwyylp\">\n<hr class=\"brz-hr\"><\/div>\n<\/div>\n<div id=\"\" class=\"brz-css-ob24b1 brz-css-1q9pizo brz-css-1wv6zfq brz-wrapper\">\n<div class=\"brz-spacer brz-css-p5jg6n brz-css-1eizhpo\"><\/div>\n<\/div>\n<div class=\"brz-row__container brz-css-1pm2n61 brz-css-18t00o6\" data-brz-custom-id=\"tjibqkafvuqskmreepafyudkpxscdevzosjk\">\n<div class=\"brz-row brz-row--inner brz-css-1j3tjzd brz-css-uaj7v4 brz-css-xy80wm\">\n<div class=\"brz-columns brz-css-1cfv40b brz-css-i4klf7\" data-brz-custom-id=\"daxaisggcslxgqhstxlavhpasdcuowwatorl\">\n<div class=\"brz-column__items brz-css-dhl0iz brz-css-zzli6f\">\n<div id=\"\" class=\"brz-css-ob24b1 brz-css-1qenqsz brz-wrapper\">\n<div class=\"brz-image brz-css-1nzqb7 brz-css-2nk8hl\" data-brz-custom-id=\"pmgwbzhdlesyyfisjlhvpdtgiqmbouafhxcx\"><img decoding=\"async\" class=\"brz-img\" src=\"https:\/\/cornejoasociados.com\/legal\/wp-content\/uploads\/brizy\/imgs\/sofia-160x196x0x14x160x169x1669302768.png\" alt=\"\" title=\"sofia\" loading=\"lazy\"><\/div>\n<\/div>\n<\/div>\n<\/div>\n<div class=\"brz-columns brz-css-1cfv40b brz-css-132qlco\" data-brz-custom-id=\"gaijjjrlhzzjffqiafliymrbmspvigoorixv\">\n<div class=\"brz-column__items brz-css-dhl0iz brz-css-17yxd6p\">\n<div id=\"\" class=\"brz-css-ob24b1 brz-css-1vj2go brz-wrapper\">\n<div class=\"brz-rich-text brz-rich-text__custom brz-css-1sydrn8 brz-css-1hcm115\" data-brz-custom-id=\"tfnrfslehiyzhhombyofnfrcvuxgrnfmphja\">\n<div data-brz-translate-text=\"1\">\n<h4 class=\"brz-tp-lg-heading4 brz-text-xs-center brz-css-jkADd\" data-generated-css=\"brz-css-mktvl\" data-uniq-id=\"yvtwc\"><span class=\"brz-cp-color2\">Sophia Icaza Izquierdo <\/span><\/h4>\n<\/div>\n<\/div>\n<\/div>\n<div id=\"\" class=\"brz-css-ob24b1 brz-css-43qi85 brz-wrapper\">\n<div class=\"brz-rich-text brz-rich-text__custom brz-css-1sydrn8 brz-css-w7isfd\" data-brz-custom-id=\"jwowdeevuuvuubdttuzozheyknbykhfegwiz\">\n<div data-brz-translate-text=\"1\">\n<p class=\"brz-text-xs-center brz-tp-lg-paragraph brz-text-lg-justify brz-css-vY3aN\" data-uniq-id=\"hWjTh\" data-generated-css=\"brz-css-c60M7\"><span class=\"brz-cp-color7\" style=\"background-color: transparent\">Abogada litigante con maestr\u00eda en Derecho Penal en la Pontificia Universidad Cat\u00f3lica del Per\u00fa, especializada en Derecho Penal Econ\u00f3mico, Delitos contra la administraci\u00f3n P\u00fablica y Derecho Procesal Penal. Abogada con m\u00e1s de 15 a\u00f1os de experiencia en materia Penal y Procesal Penal.<\/span><\/p>\n<p class=\"brz-text-xs-center brz-tp-lg-paragraph brz-css-m7leD\" data-uniq-id=\"iwn30\" data-generated-css=\"brz-css-reBmZ\"><span class=\"brz-cp-color7\" style=\"background-color: transparent\"> <\/span><\/p>\n<p class=\"brz-text-lg-justify brz-text-xs-center brz-tp-lg-paragraph brz-css-jxsqO\" data-uniq-id=\"sWuzx\" data-generated-css=\"brz-css-acG7R\"><span class=\"brz-cp-color7\" style=\"background-color: transparent\">Tel.: (+51) 993-515-541 <\/span><\/p>\n<p class=\"brz-text-lg-justify brz-text-xs-center brz-tp-lg-paragraph brz-css-fxp2C\" data-uniq-id=\"eX6N_\" data-generated-css=\"brz-css-iBGjH\"><span class=\"brz-cp-color7\" style=\"background-color: transparent\">Correo electr\u00f3nico: sophia@cornejoasociados.com <\/span><\/p>\n<\/div>\n<\/div>\n<\/div>\n<\/div>\n<\/div>\n<\/div>\n<\/div>\n<div id=\"\" class=\"brz-css-ob24b1 brz-css-1vuhfbt brz-wrapper\">\n<div class=\"brz-line brz-line-default brz-css-6mp222 brz-css-rcpwnl\" data-brz-custom-id=\"yckoaxeivztzthepcekbfbiurgvnkuizieyl\">\n<hr class=\"brz-hr\"><\/div>\n<\/div>\n<div id=\"\" class=\"brz-css-ob24b1 brz-css-1q9pizo brz-css-fef0o6 brz-wrapper\">\n<div class=\"brz-spacer brz-css-p5jg6n brz-css-1wthq4c\"><\/div>\n<\/div>\n<div class=\"brz-row__container brz-css-1pm2n61 brz-css-u8687o\" data-brz-custom-id=\"qwvkhosptauwvtwgqvptwyszjbobzanpywue\">\n<div class=\"brz-row brz-row--inner brz-css-1j3tjzd brz-css-uaj7v4 brz-css-1fpirtl\">\n<div class=\"brz-columns brz-css-1cfv40b brz-css-msqlfc\" data-brz-custom-id=\"pgmdyuzkadtomommnzcfmarwvqtsgccwwjpl\">\n<div class=\"brz-column__items brz-css-dhl0iz brz-css-1ua2p72\">\n<div id=\"\" class=\"brz-css-ob24b1 brz-css-1gp9hpb brz-wrapper\">\n<div class=\"brz-image brz-css-fdhh1p brz-css-1u1r5z\" data-brz-custom-id=\"jygmbxqnkjftghtrjytmzbisgfbczekvcdsy\"><img decoding=\"async\" class=\"brz-img\" src=\"https:\/\/cornejoasociados.com\/legal\/?brizy_media=wp-226fee2cdbdada50eeb378cf553d2ea3.jpg&amp;brizy_crop=iW%3D161%26iH%3D161%26oX%3D1%26oY%3D0%26cW%3D160%26cH%3D161\" alt=\"\" title=\"veronica\" loading=\"lazy\"><\/div>\n<\/div>\n<\/div>\n<\/div>\n<div class=\"brz-columns brz-css-1cfv40b brz-css-1t9nj4t\" data-brz-custom-id=\"xihfyajdruyooaqrkwctxjxtdvtqdvwxeqgm\">\n<div class=\"brz-column__items brz-css-dhl0iz brz-css-6pkmbi\">\n<div id=\"\" class=\"brz-css-ob24b1 brz-css-1wnf1g7 brz-wrapper\">\n<div class=\"brz-rich-text brz-rich-text__custom brz-css-1sydrn8 brz-css-77pnk9\" data-brz-custom-id=\"sixdylhmpdnsyuvhmhnabinbigheguteoccu\">\n<div data-brz-translate-text=\"1\">\n<h4 class=\"brz-text-xs-center brz-tp-lg-heading4 brz-css-t65IE\" data-generated-css=\"brz-css-oswyc\" data-uniq-id=\"cdirn\"><span class=\"brz-cp-color2\">Ver\u00f3nica Aim\u00e9 C\u00e1ceres Moscoso<\/span><\/h4>\n<\/div>\n<\/div>\n<\/div>\n<div id=\"\" class=\"brz-css-ob24b1 brz-css-1mfmqi1 brz-wrapper\">\n<div class=\"brz-rich-text brz-rich-text__custom brz-css-1sydrn8 brz-css-l9j8no\" data-brz-custom-id=\"mbbvqvxsrrbxzslnruawhhngwmikstybqyrp\">\n<div data-brz-translate-text=\"1\">\n<p class=\"brz-text-lg-justify brz-text-xs-center brz-tp-lg-paragraph brz-css-hMqzS\" data-uniq-id=\"i7t6m\" data-generated-css=\"brz-css-q5jxI\">Magister en Derecho Penal y Procesal Penal, Especialista en Derecho Inmobiliario y Saneamiento de Predios y Derechos Fundamentales realizados en la Pontificia Universidad Cat\u00f3lica del Per\u00fa y con m\u00e1s de 10 a\u00f1os de experiencia en el \u00e1mbito de la actividad privada y 09 a\u00f1os en el campo del sector p\u00fablico, contando con buen desenvolvimiento e interacci\u00f3n con los integrantes del centro laboral. Experiencia en temas Civil, Inmobiliario Constitucional, Procesal Civil, Procesal Penal y Derecho Administrativo General. <\/p>\n<p class=\"brz-text-lg-justify brz-text-xs-center brz-tp-lg-paragraph brz-css-c4GhH\" data-uniq-id=\"bUOfA\" data-generated-css=\"brz-css-oWN9P\"><\/p>\n<p class=\"brz-text-lg-justify brz-text-xs-center brz-tp-lg-paragraph brz-css-t6OAs\" data-uniq-id=\"hAHl7\" data-generated-css=\"brz-css-c47pF\">Tel.: 979720048<\/p>\n<p class=\"brz-text-lg-justify brz-text-xs-center brz-tp-lg-paragraph brz-css-uM2F0\" data-uniq-id=\"r2ohv\" data-generated-css=\"brz-css-vIiWR\">Correo electr\u00f3nico: veronica@cornejoasociados.com<\/p>\n<\/div>\n<\/div>\n<\/div>\n<\/div>\n<\/div>\n<\/div>\n<\/div>\n<div id=\"\" class=\"brz-css-ob24b1 brz-css-1xz4o7c brz-wrapper\">\n<div class=\"brz-line brz-line-default brz-css-6mp222 brz-css-titpju\" data-brz-custom-id=\"tywxjrgucnfnlecefiuwmsfdskahjqnexard\">\n<hr class=\"brz-hr\"><\/div>\n<\/div>\n<div id=\"\" class=\"brz-css-ob24b1 brz-css-1q9pizo brz-css-pisr0n brz-wrapper\">\n<div class=\"brz-spacer brz-css-p5jg6n brz-css-153c8g7\"><\/div>\n<\/div>\n<\/div>\n<\/div>\n<div class=\"brz-columns brz-css-1cfv40b brz-css-1bnh5xq\" data-brz-custom-id=\"pfiqhcllmifdowmdyhkahddgoiwbsycoxwdl\">\n<div class=\"brz-bg\">\n<div class=\"brz-bg-color\"><\/div>\n<\/div>\n<div class=\"brz-column__items brz-css-dhl0iz brz-css-1gwcxis\">\n<div class=\"brz-row__container brz-css-1pm2n61 brz-css-yqgbs9\" data-brz-custom-id=\"qpbliueybwmutvipeftbbycjuexyemvataep\">\n<div class=\"brz-row brz-row--inner brz-css-1j3tjzd brz-css-uaj7v4 brz-css-1mcyqnf\">\n<div class=\"brz-columns brz-css-1cfv40b brz-css-929vpe\" data-brz-custom-id=\"umayhlzwqguetpdmjbalgtovptgynhlelpmi\">\n<div class=\"brz-bg\"><\/div>\n<div class=\"brz-column__items brz-css-dhl0iz brz-css-1gr32go\">\n<div id=\"\" class=\"brz-css-ob24b1 brz-css-1q9pizo brz-css-sguu1u brz-wrapper\">\n<div class=\"brz-spacer brz-css-p5jg6n brz-css-n5lcdg\"><\/div>\n<\/div>\n<div class=\"brz-wrapper-clone brz-flex-xs-wrap brz-css-1jr4bc8 brz-css-1446b3o\" data-brz-custom-id=\"jtrtddrzizezhypxssaanfwnattkwjmhvphy\">\n<div class=\"brz-icon__container\" data-brz-custom-id=\"ekmaqijxulykmeaxyidaaivetgjmurwfwsau\"><span class=\"brz-icon brz-span brz-css-rg6yzg brz-css-1e0g0ov\"><\/span><\/div>\n<\/div>\n<div id=\"\" class=\"brz-css-ob24b1 brz-css-1vsi1w0 brz-wrapper\">\n<div class=\"brz-rich-text brz-rich-text__custom brz-css-1sydrn8 brz-css-1hwj4gh\" data-brz-custom-id=\"ihcmfklrzvueuabkjphlikmhafryfgzcmjty\">\n<div data-brz-translate-text=\"1\">\n<p class=\"brz-mb-lg-10 brz-text-lg-center brz-tp-lg-empty brz-ff-red_hat_text brz-ft-google brz-fs-lg-21 brz-fss-lg-px brz-fw-lg-600 brz-ls-lg-0 brz-lh-lg-1_3 brz-css-wkxYG\" data-uniq-id=\"fukyy\" data-generated-css=\"brz-css-vzanl\"><strong class=\"brz-cp-color8\">CONTACTANOS<\/strong><\/p>\n<\/div>\n<\/div>\n<\/div>\n<div id=\"\" class=\"brz-css-ob24b1 brz-css-1n7796c brz-wrapper\">\n<div class=\"brz-rich-text brz-rich-text__custom brz-css-1sydrn8 brz-css-15xk5nv\" data-brz-custom-id=\"njhaboiksfdiopbxudkyhschsmlnxygyvgnk\">\n<div data-brz-translate-text=\"1\">\n<p class=\"brz-text-lg-center brz-tp-lg-paragraph brz-mb-lg-0 brz-css-a7cUc\" data-uniq-id=\"wbllf\" data-generated-css=\"brz-css-kdtpj\"><span class=\"brz-cp-color8\" style=\"background-color: transparent\">Para mayor informaci\u00f3n acerca de nuestros servicios, no dude en comunicarse con nosotros.<\/span><\/p>\n<\/div>\n<\/div>\n<\/div>\n<div id=\"\" class=\"brz-css-ob24b1 brz-css-dk9tb4 brz-wrapper\">\n<div class=\"brz-rich-text brz-rich-text__custom brz-css-1sydrn8 brz-css-n6z74y\" data-brz-custom-id=\"evfvihgkkcxdkibtsmsnsnwpgmofpaeqbfpq\">\n<div data-brz-translate-text=\"1\">\n<h4 class=\"brz-tp-lg-heading4 brz-text-lg-center brz-css-hDP_M\" data-uniq-id=\"ycbfr\" data-generated-css=\"brz-css-mpbah\"><span>+51 993 618 842<\/span><\/h4>\n<p class=\"brz-text-lg-center brz-css-tXIC9\" data-uniq-id=\"jiprr\" data-generated-css=\"brz-css-zpkzg\"><\/p>\n<\/div>\n<\/div>\n<\/div>\n<div id=\"\" class=\"brz-css-ob24b1 brz-css-1qs8b9i brz-wrapper\">\n<div class=\"brz-rich-text brz-rich-text__custom brz-css-1sydrn8 brz-css-zxf2uk\" data-brz-custom-id=\"avnbtbagwqxqguleflyeswnfhxjwqjwtjujy\">\n<div data-brz-translate-text=\"1\">\n<p class=\"brz-text-lg-center brz-tp-lg-paragraph brz-mb-lg-0 brz-css-ioJ4w\" data-uniq-id=\"jhzcu\" data-generated-css=\"brz-css-wpvxp\"><strong class=\"brz-cp-color8\" style=\"background-color: transparent\">E-MAIL<\/strong><\/p>\n<\/div>\n<\/div>\n<\/div>\n<div id=\"\" class=\"brz-css-ob24b1 brz-css-14yz9j3 brz-wrapper\">\n<div class=\"brz-rich-text brz-rich-text__custom brz-css-1sydrn8 brz-css-hp832h\" data-brz-custom-id=\"lkscgmqcnfhfthhlkrjxtpndbxllovzwmkca\">\n<div data-brz-translate-text=\"1\">\n<p class=\"brz-text-lg-center brz-tp-lg-paragraph brz-mb-lg-12 brz-css-eDl1A\" data-uniq-id=\"qzuhd\" data-generated-css=\"brz-css-eiqml\"><span class=\"brz-cp-color8\" style=\"background-color: transparent\">estudio@cornejoasociados.com<\/span><\/p>\n<\/div>\n<\/div>\n<\/div>\n<div id=\"\" class=\"brz-css-ob24b1 brz-css-11a3bqe brz-wrapper\">\n<div class=\"brz-rich-text brz-rich-text__custom brz-css-1sydrn8 brz-css-1suq6j1\" data-brz-custom-id=\"hagiegnuynvqccxjrnrnwwrlaxsczhzuxnvm\">\n<div data-brz-translate-text=\"1\">\n<p class=\"brz-text-lg-center brz-tp-lg-paragraph brz-css-ifflT\" data-uniq-id=\"aendu\" data-generated-css=\"brz-css-uiudp\"><span class=\"brz-cp-color8\" style=\"background-color: transparent\">Lunes a Viernes: 8am \u2013 5pm<\/span><\/p>\n<p class=\"brz-text-lg-center brz-tp-lg-paragraph brz-mb-lg-0 brz-css-gu3VX\" data-uniq-id=\"tmjsd\" data-generated-css=\"brz-css-jzxtu\"><span class=\"brz-cp-color8\" style=\"background-color: transparent\">S\u00e1bado: 9am \u2013 1pm&nbsp;<\/span><\/p>\n<\/div>\n<\/div>\n<\/div>\n<div class=\"brz-wrapper-clone brz-flex-xs-wrap brz-css-1jr4bc8 brz-css-982w3k\" data-brz-custom-id=\"orrhfnirpiztrrydgciqvmftantpaefgwyfe\"><a class=\"brz-a brz-btn brz-css-13jbm0h brz-css-qnbkwa brz-css-e62izx brz-css-1qg425e\" href=\"\" target=\"_self\" rel=\"noopener\" data-brz-link-type=\"external\" data-brz-custom-id=\"pdfiypqhznsyppxnzdscimvwduiutraeqykn\"><span data-brz-translate-text=\"1\" class=\"brz-span brz-text__editor\">VER M\u00c1S<\/span><\/a><\/div>\n<div id=\"\" class=\"brz-css-ob24b1 brz-css-1q9pizo brz-css-1g32bkj brz-wrapper\">\n<div class=\"brz-spacer brz-css-p5jg6n brz-css-ogz2ny\"><\/div>\n<\/div>\n<\/div>\n<\/div>\n<\/div>\n<\/div>\n<\/div>\n<\/div>\n<\/div>\n<\/div>\n<\/div>\n<\/div>\n<\/section><\/div>\n<p><!-- version:1754353013 --><\/p>\n","protected":false},"excerpt":{"rendered":"<p>Staff profesional Karla Cornejo Villar Es socia principal del estudio Jur\u00eddico, es experta en Derecho de Empresa, Inmobiliario y Laboral. Egresada de la facultad de Derecho de la Universidad San Mart\u00edn de Porres. Con Maestr\u00eda en Derecho de Trabajo Universidad San Mart\u00edn de Porres. Post Grado en Derecho Registral Inmobiliario. Se desempe\u00f1\u00e9 como Jefa del [&hellip;]<\/p>\n","protected":false},"author":1,"featured_media":0,"parent":0,"menu_order":0,"comment_status":"closed","ping_status":"closed","template":"","meta":{"footnotes":""},"class_list":["post-2206","page","type-page","status-publish","hentry"],"blocksy_meta":{"styles_descriptor":{"styles":{"desktop":"","tablet":"","mobile":""},"google_fonts":[],"version":6}},"brizy_media":[{"id":1879,"url":"https:\/\/cornejoasociados.com\/legal\/wp-content\/uploads\/2022\/11\/mediacion-liderazgo.jpg","name":"mediacion-liderazgo.jpg","meta":{"brizy_attachment_uid":"wp-75f57d7b41b04b7a393c0c3dd1ff6d6e.jpg","brizy_post_uid":["1f49b9aafa8c0ee4d3d6fbc1b58b9f15","f0d6860b35043baa7fbccbdcd1eca41e"]}},{"id":2222,"url":"https:\/\/cornejoasociados.com\/legal\/wp-content\/uploads\/2022\/11\/sofia.png","name":"sofia.png","meta":{"brizy_attachment_uid":"wp-2a109c510758a7b296cf08b997ef719a.png","brizy_post_uid":["f0d6860b35043baa7fbccbdcd1eca41e","8f68408a997247cf631f64361452368d"]}},{"id":2223,"url":"https:\/\/cornejoasociados.com\/legal\/wp-content\/uploads\/2022\/11\/veronica.png","name":"veronica.png","meta":{"brizy_attachment_uid":"wp-c734d8ae4d21d3490f583958586e690d.png","brizy_post_uid":["f0d6860b35043baa7fbccbdcd1eca41e"]}},{"id":2229,"url":"https:\/\/cornejoasociados.com\/legal\/wp-content\/uploads\/2022\/11\/karla.jpg","name":"karla.jpg","meta":{"brizy_attachment_uid":"wp-567bb34a93b7dde376bc37864bb131af.jpg","brizy_post_uid":["f0d6860b35043baa7fbccbdcd1eca41e"]}},{"id":2275,"url":"https:\/\/cornejoasociados.com\/legal\/wp-content\/uploads\/2023\/02\/Rosicela.jpeg","name":"Rosicela.jpeg","meta":{"brizy_attachment_uid":"wp-90e58bd3efbe4753e702f465c0d0ba9c.jpeg","brizy_post_uid":["f0d6860b35043baa7fbccbdcd1eca41e","8f68408a997247cf631f64361452368d"]}},{"id":2305,"url":"https:\/\/cornejoasociados.com\/legal\/wp-content\/uploads\/2025\/08\/veronica.jpg","name":"veronica.jpg","meta":{"brizy_attachment_uid":"wp-226fee2cdbdada50eeb378cf553d2ea3.jpg","brizy_post_uid":["f0d6860b35043baa7fbccbdcd1eca41e"]}}],"_links":{"self":[{"href":"https:\/\/cornejoasociados.com\/legal\/wp-json\/wp\/v2\/pages\/2206","targetHints":{"allow":["GET"]}}],"collection":[{"href":"https:\/\/cornejoasociados.com\/legal\/wp-json\/wp\/v2\/pages"}],"about":[{"href":"https:\/\/cornejoasociados.com\/legal\/wp-json\/wp\/v2\/types\/page"}],"author":[{"embeddable":true,"href":"https:\/\/cornejoasociados.com\/legal\/wp-json\/wp\/v2\/users\/1"}],"replies":[{"embeddable":true,"href":"https:\/\/cornejoasociados.com\/legal\/wp-json\/wp\/v2\/comments?post=2206"}],"version-history":[{"count":30,"href":"https:\/\/cornejoasociados.com\/legal\/wp-json\/wp\/v2\/pages\/2206\/revisions"}],"predecessor-version":[{"id":2331,"href":"https:\/\/cornejoasociados.com\/legal\/wp-json\/wp\/v2\/pages\/2206\/revisions\/2331"}],"wp:attachment":[{"href":"https:\/\/cornejoasociados.com\/legal\/wp-json\/wp\/v2\/media?parent=2206"}],"curies":[{"name":"wp","href":"https:\/\/api.w.org\/{rel}","templated":true}]}}