{"id":1349,"date":"2020-08-19T12:00:32","date_gmt":"2020-08-19T12:00:32","guid":{"rendered":"https:\/\/demo.creativethemes.com\/brizy\/business\/?page_id=1349"},"modified":"2026-04-08T00:25:25","modified_gmt":"2026-04-08T05:25:25","slug":"contactenos","status":"publish","type":"page","link":"https:\/\/cornejoasociados.com\/legal\/contactenos\/","title":{"rendered":"Cont\u00e1ctenos"},"content":{"rendered":"<div class=\"brz brz-root__container brz-reset-all brz-root__container-page\">\n<section id=\"cdf0a829eb569d687df0_yrmkvskcqskcgixnssqralxlxzafbfgiwthx\" class=\"brz-section brz-css-ga1lpp brz-css-18i58pd\">\n<div class=\"brz-section__content brz-section--boxed brz-css-1cm4hz6 brz-css-17i8ayj\" data-brz-custom-id=\"zctsouxpjfvjvlenzjrbvgrzwqftaqbwyjiq\">\n<div class=\"brz-bg\">\n<div class=\"brz-bg-image\"><\/div>\n<div class=\"brz-bg-color\"><\/div>\n<\/div>\n<div class=\"brz-container brz-css-wptt9 brz-css-ugixc7\">\n<div class=\"brz-row__container brz-css-1ahpvam brz-css-w7phj4\" data-brz-custom-id=\"zmoofrqhxgrlankunbcjwtalcogutwfmqixv\">\n<div class=\"brz-row brz-css-sa9gu0 brz-css-6ve35p brz-css-1pskob1\">\n<div class=\"brz-columns brz-css-n4gj9c brz-css-173byzh\" data-brz-custom-id=\"bwzgyexntjnoydscrmsrpmgdivcldjfoyaqw\">\n<div class=\"brz-column__items brz-css-1lo8x78 brz-css-1c39c5y\">\n<div id=\"\" class=\"brz-css-1oe7bb2 brz-css-1tsri8v brz-wrapper\">\n<div class=\"brz-rich-text brz-rich-text__custom brz-css-1me85f5 brz-css-1bgne7e\" data-brz-custom-id=\"eailxzzfraircmjkixtnfxryrqdgqvgyqwag\">\n<div data-brz-translate-text=\"1\">\n<p class=\"brz-tp-lg-heading1 brz-css-xNVlJ\" data-uniq-id=\"jwson\" data-generated-css=\"brz-css-xstuv\"><span class=\"brz-cp-color8\">CONT\u00c1CTENOS<\/span><\/p>\n<\/div>\n<\/div>\n<\/div>\n<div id=\"\" class=\"brz-css-1oe7bb2 brz-css-12fn6un brz-wrapper\">\n<div class=\"brz-rich-text brz-rich-text__custom brz-css-1me85f5 brz-css-1ekedhd\" data-brz-custom-id=\"nzxtrlnwoskcoucqatbpqmgfbwinjanrlaqo\">\n<div data-brz-translate-text=\"1\">\n<p data-generated-css=\"brz-css-phW3X\" data-uniq-id=\"gdAiD\" class=\"brz-tp-lg-empty brz-ff-red_hat_text brz-ft-google brz-fs-lg-16 brz-fss-lg-px brz-fw-lg-400 brz-ls-lg-0 brz-lh-lg-1_3 brz-vfw-lg-400 brz-fwdth-lg-100 brz-fsft-lg-0 brz-css-bzeb8\"><strong class=\"brz-cp-color6 brz-bold-true\">Para mayor informaci\u00f3n acerca de nuestros servicios, no dude en comunicarse con nosotros<\/strong><span class=\"brz-cp-color6\">.  <\/span><\/p>\n<\/div>\n<\/div>\n<\/div>\n<\/div>\n<\/div>\n<div class=\"brz-columns brz-css-n4gj9c brz-css-akskk6\" data-brz-custom-id=\"pmijoaqucwaebyhvjkeprzamrezgsadpfsrj\">\n<div class=\"brz-column__items brz-css-1lo8x78 brz-css-1kdubgl\">\n<div id=\"\" class=\"brz-css-1oe7bb2 brz-css-1n5fq6a brz-css-1vkn4vo brz-wrapper\">\n<div class=\"brz-spacer brz-css-aplque brz-css-1v0jk0f\"><\/div>\n<\/div>\n<\/div>\n<\/div>\n<\/div>\n<\/div>\n<\/div>\n<\/div>\n<\/section>\n<section id=\"854a3a38aa695bf22dde_pcksctucqdnqvgzhvkwposfpgtttsetgtrdv\" class=\"brz-section brz-css-ndgu5p brz-css-1f9wn3c\">\n<div class=\"brz-section__content brz-section--boxed brz-css-n87g1b brz-css-1234z40\" data-brz-custom-id=\"wpfhfdtebseeujyibaqmtwuzkaygkfkmbvnh\">\n<div class=\"brz-container brz-css-on1gpr brz-css-1992hv7\">\n<div id=\"\" class=\"brz-css-1jysd1t brz-css-17fugei brz-css-1xs3www brz-wrapper\">\n<div class=\"brz-spacer brz-css-18yq17e brz-css-sjeake\"><\/div>\n<\/div>\n<div class=\"brz-row__container brz-css-1oozw1g brz-css-1mf6a14\" data-brz-custom-id=\"cxmhyxeohhzkmqfoacnysfnevvqmaedddpaj\">\n<div class=\"brz-row brz-css-tvzy22 brz-css-18dsofy brz-css-16x3xo1\">\n<div class=\"brz-columns brz-css-eid5tz brz-css-psvani\" data-brz-custom-id=\"opamdutsevszvxkfiivxnoxzjuxcbepzqnen\">\n<div class=\"brz-column__items brz-css-1678t59 brz-css-14jlasy\">\n<div id=\"\" class=\"brz-css-1jysd1t brz-css-7nymx7 brz-wrapper\">\n<div class=\"brz-map brz-map_styles brz-css-1edei4q brz-css-gadcwg\" data-brz-custom-id=\"qcwrrcfsvvtbcebpbmqaszvabzgvajljhwhv\">\n<div class=\"brz-ui-ed-map-content\"><\/div>\n<\/div>\n<\/div>\n<\/div>\n<\/div>\n<div class=\"brz-columns brz-css-eid5tz brz-css-z2x4qh\" data-brz-custom-id=\"ivpxmpxmlkxhsppatozhssdwqmodnlcmtmef\">\n<div class=\"brz-column__items brz-css-1678t59 brz-css-1mga5ho\">\n<div id=\"\" class=\"brz-css-1jysd1t brz-css-11v1qbo brz-wrapper\">\n<div class=\"brz-wp-shortcode brz-css-4t08e1 brz-css-1knad2\" data-brz-custom-id=\"wgXQw9tR8xKA\">\n<div><div class=\"forminator-ui forminator-custom-form forminator-custom-form-2298 forminator-design--flat  forminator_ajax\" data-forminator-render=\"0\" data-form=\"forminator-module-2298\" data-uid=\"69e1e01687a1d\"><br\/><\/div><form\n\t\t\t\tid=\"forminator-module-2298\"\n\t\t\t\tclass=\"forminator-ui forminator-custom-form forminator-custom-form-2298 forminator-design--flat  forminator_ajax\"\n\t\t\t\tmethod=\"post\"\n\t\t\t\tdata-forminator-render=\"0\"\n\t\t\t\tdata-form-id=\"2298\"\n\t\t\t\t data-color-option=\"default\" data-design=\"flat\" data-grid=\"open\" style=\"display: none;\"\n\t\t\t\tdata-uid=\"69e1e01687a1d\"\n\t\t\t><div role=\"alert\" aria-live=\"polite\" class=\"forminator-response-message forminator-error\" aria-hidden=\"true\"><\/div><div class=\"forminator-row\"><div id=\"name-1\" class=\"forminator-field-name forminator-col forminator-col-6 \"><div class=\"forminator-field\"><label for=\"forminator-field-name-1_69e1e01687a1d\" id=\"forminator-field-name-1_69e1e01687a1d-label\" class=\"forminator-label\">Nombres <span class=\"forminator-required\">*<\/span><\/label><input type=\"text\" name=\"name-1\" value=\"\" placeholder=\"\" id=\"forminator-field-name-1_69e1e01687a1d\" class=\"forminator-input forminator-name--field\" aria-required=\"true\" autocomplete=\"name\" \/><\/div><\/div><div id=\"email-1\" class=\"forminator-field-email forminator-col forminator-col-6 \"><div class=\"forminator-field\"><label for=\"forminator-field-email-1_69e1e01687a1d\" id=\"forminator-field-email-1_69e1e01687a1d-label\" class=\"forminator-label\">E-mail <span class=\"forminator-required\">*<\/span><\/label><input type=\"email\" name=\"email-1\" value=\"\" placeholder=\"\" id=\"forminator-field-email-1_69e1e01687a1d\" class=\"forminator-input forminator-email--field\" data-required=\"true\" aria-required=\"true\" autocomplete=\"email\" \/><\/div><\/div><\/div><div class=\"forminator-row\"><div id=\"phone-1\" class=\"forminator-field-phone forminator-col forminator-col-12 \"><div class=\"forminator-field\"><label for=\"forminator-field-phone-1_69e1e01687a1d\" id=\"forminator-field-phone-1_69e1e01687a1d-label\" class=\"forminator-label\">Celular<\/label><input type=\"text\" name=\"phone-1\" value=\"\" placeholder=\"\" id=\"forminator-field-phone-1_69e1e01687a1d\" class=\"forminator-input forminator-field--phone\" data-required=\"\" aria-required=\"false\" autocomplete=\"off\" \/><\/div><\/div><\/div><div class=\"forminator-row\"><div id=\"textarea-1\" class=\"forminator-field-textarea forminator-col forminator-col-12 \"><div class=\"forminator-field\"><label for=\"forminator-field-textarea-1_69e1e01687a1d\" id=\"forminator-field-textarea-1_69e1e01687a1d-label\" class=\"forminator-label\">Mensaje<\/label><span id=\"forminator-field-textarea-1_69e1e01687a1d-description\" class=\"forminator-description\"><span data-limit=\"180\" data-type=\"characters\" data-editor=\"\">0 \/ 180<\/span><\/span><textarea name=\"textarea-1\" placeholder=\"\" id=\"forminator-field-textarea-1_69e1e01687a1d\" class=\"forminator-textarea\" rows=\"6\" style=\"min-height:140px;\" maxlength=\"180\" ><\/textarea><\/div><\/div><\/div><input type=\"hidden\" name=\"referer_url\" value=\"\" \/><div class=\"forminator-row forminator-row-last\"><div class=\"forminator-col\"><div class=\"forminator-field\"><button class=\"forminator-button forminator-button-submit\">Enviar Mensaje<\/button><\/div><\/div><\/div><input type=\"hidden\" id=\"forminator_nonce\" name=\"forminator_nonce\" value=\"2ac3d446c5\" \/><input type=\"hidden\" name=\"_wp_http_referer\" value=\"\/legal\/wp-json\/wp\/v2\/pages\/1349\" \/><input type=\"hidden\" name=\"form_id\" value=\"2298\"><input type=\"hidden\" name=\"page_id\" value=\"1349\"><input type=\"hidden\" name=\"form_type\" value=\"default\"><input type=\"hidden\" name=\"current_url\" value=\"https:\/\/cornejoasociados.com\/legal\/contactenos\/\"><input type=\"hidden\" name=\"render_id\" value=\"0\"><input type=\"hidden\" name=\"action\" value=\"forminator_submit_form_custom-forms\"><\/form><\/div>\n<\/div>\n<\/div>\n<\/div>\n<\/div>\n<\/div>\n<\/div>\n<\/div>\n<\/div>\n<\/section>\n<section id=\"34333df7c94d41ae909d_rnovdgzaummifennwzsjcftlcydjedhpysrx\" class=\"brz-section brz-css-pk85k5 brz-css-1ozykvw\">\n<div class=\"brz-section__content brz-section--boxed brz-css-1ht8tss brz-css-1vv53oy\" data-brz-custom-id=\"wuglirrfleljhvgqaeczlclshsyqypmuygnd\">\n<div class=\"brz-container brz-css-1tcs14x brz-css-tt6f84\">\n<div class=\"brz-row__container brz-css-kf94b8 brz-css-zfgw04\" data-brz-custom-id=\"dyryyrvsbssbjllkepqemrkskedcjnnscoiv\">\n<div class=\"brz-row brz-css-cdqxwv brz-css-10oys15 brz-css-pkz0ge\">\n<div class=\"brz-columns brz-css-7zhkaz brz-css-9cs0l6\" data-brz-custom-id=\"gnwvsivncazhodbgkksnoxkcbsbnceqjhvbc\">\n<div class=\"brz-bg\">\n<div class=\"brz-bg-color\"><\/div>\n<\/div>\n<div class=\"brz-column__items brz-css-p1k463 brz-css-1dafdqs\">\n<div class=\"brz-wrapper-clone brz-flex-xs-wrap brz-css-10g9a55 brz-css-d9j42o\" data-brz-custom-id=\"rvxgoxamiwtyjvwxlnsxtddvmpwnsfxkicmk\">\n<div class=\"brz-icon__container\" data-brz-custom-id=\"unpxmznkcwxidolfqdcrkkpuwuqqjxtfyczh\"><span class=\"brz-icon brz-span brz-css-14mkm7c brz-css-14lb81z\"><\/span><\/div>\n<\/div>\n<div id=\"\" class=\"brz-css-1g7d4ij brz-css-d93heg brz-wrapper\">\n<div class=\"brz-rich-text brz-rich-text__custom brz-css-1867o2b brz-css-nixf3t\" data-brz-custom-id=\"dqbsvjgwnqdhdpiuggqznxzzpssqfrtradaa\">\n<div data-brz-translate-text=\"1\">\n<h3 class=\"brz-tp-lg-heading5 brz-text-lg-center brz-css-pxkcq\" data-uniq-id=\"jeutw\" data-generated-css=\"brz-css-gcnds\"><span class=\"brz-cp-color3\">Direcci\u00f3n<\/span><\/h3>\n<\/div>\n<\/div>\n<\/div>\n<div id=\"\" class=\"brz-css-1g7d4ij brz-css-16tonbp brz-wrapper\">\n<div class=\"brz-rich-text brz-rich-text__custom brz-css-1867o2b brz-css-117iszv\" data-brz-custom-id=\"ijfjnyqxwwpipfjaugayjfhvleqzyobvzqbn\">\n<div data-brz-translate-text=\"1\">\n<p class=\"brz-text-lg-center brz-tp-lg-paragraph brz-css-ldv2m\" data-uniq-id=\"xzumt\" data-generated-css=\"brz-css-myluf\"><span class=\"brz-cp-color7\">Nicol\u00e1s de Pi\u00e9rola 140 &#8211; 1201, Urbanizaci\u00f3n Miramar, San<\/span><\/p>\n<p class=\"brz-text-lg-center brz-tp-lg-paragraph brz-css-j7wnE\" data-uniq-id=\"xzumt\" data-generated-css=\"brz-css-myluf\"><span class=\"brz-cp-color7\">Miguel Lima &#8211; Per\u00fa<\/span><\/p>\n<\/div>\n<\/div>\n<\/div>\n<\/div>\n<\/div>\n<div class=\"brz-columns brz-css-7zhkaz brz-css-30whqp\" data-brz-custom-id=\"pqwhcokxfcwwpdqtlcjfjzfyrzibfhqvghov\">\n<div class=\"brz-bg\">\n<div class=\"brz-bg-color\"><\/div>\n<\/div>\n<div class=\"brz-column__items brz-css-p1k463 brz-css-150gh8j\">\n<div class=\"brz-wrapper-clone brz-flex-xs-wrap brz-css-10g9a55 brz-css-zt9vng\" data-brz-custom-id=\"dqbstegtvtclscqaqmefedpekrepxbsfgajj\">\n<div class=\"brz-icon__container\" data-brz-custom-id=\"glqkbcyycanlzeduvjmghatngldbsvxscupb\"><span class=\"brz-icon brz-span brz-css-14mkm7c brz-css-1nhz27t\"><\/span><\/div>\n<\/div>\n<div id=\"\" class=\"brz-css-1g7d4ij brz-css-31we4g brz-wrapper\">\n<div class=\"brz-rich-text brz-rich-text__custom brz-css-1867o2b brz-css-ss59j4\" data-brz-custom-id=\"hzegutmzwwyrlxgooutijeskqlhmiedobelt\">\n<div data-brz-translate-text=\"1\">\n<h3 class=\"brz-text-lg-center brz-tp-lg-heading5 brz-css-biVJb\" data-uniq-id=\"imwvf\" data-generated-css=\"brz-css-dyjxp\"><span class=\"brz-cp-color2\">Horarios<\/span><\/h3>\n<\/div>\n<\/div>\n<\/div>\n<div id=\"\" class=\"brz-css-1g7d4ij brz-css-1no0c7e brz-wrapper\">\n<div class=\"brz-rich-text brz-rich-text__custom brz-css-1867o2b brz-css-cq219i\" data-brz-custom-id=\"ivhlpclsvxjwlvdbeldhqkrvzmudrhazoyjz\">\n<div data-brz-translate-text=\"1\">\n<p class=\"brz-tp-lg-paragraph brz-text-lg-center brz-css-tePwq\" data-generated-css=\"brz-css-qauwg\" data-uniq-id=\"vmgpk\"><span class=\"brz-cp-color7\">Lunes a Viernes: 8am \u2013 5pm<\/span><\/p>\n<p class=\"brz-tp-lg-paragraph brz-text-lg-center brz-css-pAit1\" data-generated-css=\"brz-css-xvuvl\" data-uniq-id=\"efkia\"><span class=\"brz-cp-color7\">S\u00e1bado: 9am \u2013 1pm<\/span><\/p>\n<\/div>\n<\/div>\n<\/div>\n<\/div>\n<\/div>\n<div class=\"brz-columns brz-css-7zhkaz brz-css-bjgttb\" data-brz-custom-id=\"rafgdoxwpvgyvqsxuarlndmmcpwmlognfbwy\">\n<div class=\"brz-bg\">\n<div class=\"brz-bg-color\"><\/div>\n<\/div>\n<div class=\"brz-column__items brz-css-p1k463 brz-css-1x3fqgw\">\n<div class=\"brz-wrapper-clone brz-flex-xs-wrap brz-css-10g9a55 brz-css-1e5grkz\" data-brz-custom-id=\"ucioyvnriruphfgayizzgepkqizxmuijvksp\">\n<div class=\"brz-icon__container\" data-brz-custom-id=\"xueemyskyzwfhokvfkoucbnzvedbvkxhhwmx\"><span class=\"brz-icon brz-span brz-css-14mkm7c brz-css-1jp6udi\"><\/span><\/div>\n<\/div>\n<div id=\"\" class=\"brz-css-1g7d4ij brz-css-v8jpce brz-wrapper\">\n<div class=\"brz-rich-text brz-rich-text__custom brz-css-1867o2b brz-css-1xpd1o5\" data-brz-custom-id=\"gpffppldsqpzabraisicyctkbuvzirfefeyz\">\n<div data-brz-translate-text=\"1\">\n<h3 class=\"brz-text-lg-center brz-tp-lg-heading5 brz-css-feXwZ\" data-uniq-id=\"obyvu\" data-generated-css=\"brz-css-rqbue\"><span class=\"brz-cp-color2\">Email<\/span><\/h3>\n<\/div>\n<\/div>\n<\/div>\n<div id=\"\" class=\"brz-css-1g7d4ij brz-css-njj3cs brz-wrapper\">\n<div class=\"brz-rich-text brz-rich-text__custom brz-css-1867o2b brz-css-18pi8bj\" data-brz-custom-id=\"zogoquzoxkteptywvllgntlouhkfcqrijljr\">\n<div data-brz-translate-text=\"1\">\n<p class=\"brz-tp-lg-paragraph brz-text-lg-center brz-css-n6jpT\" data-generated-css=\"brz-css-liedi\" data-uniq-id=\"yjday\">estudio@cornejoasociados.com<\/p>\n<\/div>\n<\/div>\n<\/div>\n<\/div>\n<\/div>\n<div class=\"brz-columns brz-css-7zhkaz brz-css-in06am\" data-brz-custom-id=\"zgjyptczsolypxnfydwxlkhzaqbkkeoktftt\">\n<div class=\"brz-bg\">\n<div class=\"brz-bg-color\"><\/div>\n<\/div>\n<div class=\"brz-column__items brz-css-p1k463 brz-css-17mlvpe\">\n<div class=\"brz-wrapper-clone brz-flex-xs-wrap brz-css-10g9a55 brz-css-1iy5i3d\" data-brz-custom-id=\"jetjwvsdxpyvieiqizubdzxbmnsdwoyshaea\">\n<div class=\"brz-icon__container\" data-brz-custom-id=\"sximqhjhlvuxzwxxjjzybuiepbsrdnwiaxvp\"><span class=\"brz-icon brz-span brz-css-14mkm7c brz-css-1hg3l0y\"><\/span><\/div>\n<\/div>\n<div id=\"\" class=\"brz-css-1g7d4ij brz-css-13nze4l brz-wrapper\">\n<div class=\"brz-rich-text brz-rich-text__custom brz-css-1867o2b brz-css-zd35p6\" data-brz-custom-id=\"vujpepxnhctafopgozkftztgdtlzupzjrkdf\">\n<div data-brz-translate-text=\"1\">\n<h3 class=\"brz-text-lg-center brz-tp-lg-heading5 brz-css-xt7ul\" data-uniq-id=\"ihoff\" data-generated-css=\"brz-css-nypsx\"><span class=\"brz-cp-color2\">Celulares<\/span><\/h3>\n<\/div>\n<\/div>\n<\/div>\n<div id=\"\" class=\"brz-css-1g7d4ij brz-css-iavazl brz-wrapper\">\n<div class=\"brz-rich-text brz-rich-text__custom brz-css-1867o2b brz-css-dt4og7\" data-brz-custom-id=\"bhgkxjvjpeuusyzpwxingeelhfrsxtkpmgtv\">\n<div data-brz-translate-text=\"1\">\n<p class=\"brz-tp-lg-paragraph brz-text-lg-center brz-css-nC6Bf\" data-generated-css=\"brz-css-wlrll\" data-uniq-id=\"aqfro\">+51 993 618 842<\/p>\n<\/div>\n<\/div>\n<\/div>\n<\/div>\n<\/div>\n<\/div>\n<\/div>\n<\/div>\n<\/div>\n<\/section><\/div>\n<p><!-- version:1754319352 --><\/p>\n","protected":false},"excerpt":{"rendered":"<p>CONT\u00c1CTENOS Para mayor informaci\u00f3n acerca de nuestros servicios, no dude en comunicarse con nosotros. Direcci\u00f3n Nicol\u00e1s de Pi\u00e9rola 140 &#8211; 1201, Urbanizaci\u00f3n Miramar, San Miguel Lima &#8211; Per\u00fa Horarios Lunes a Viernes: 8am \u2013 5pm S\u00e1bado: 9am \u2013 1pm Email estudio@cornejoasociados.com Celulares +51 993 618 842<\/p>\n","protected":false},"author":1,"featured_media":0,"parent":0,"menu_order":0,"comment_status":"closed","ping_status":"closed","template":"","meta":{"footnotes":""},"class_list":["post-1349","page","type-page","status-publish","hentry"],"blocksy_meta":{"page_title_panel":"","has_hero_section":"disabled","0d6887bc30f7d6a9eb1ced02516bb0e9":"","hero_section":"type-1","hero_elements":[{"id":"custom_title","enabled":true,"heading_tag":"h1","title":"Home"},{"id":"custom_description","enabled":true,"description_visibility":{"desktop":true,"tablet":true,"mobile":false}},{"id":"custom_meta","enabled":false,"meta_elements":[{"id":"author","enabled":true,"label":"By","has_author_avatar":"yes","avatar_size":25},{"id":"post_date","enabled":true,"label":"On","date_format_source":"default","date_format":"M j, Y"},{"id":"comments","enabled":true}],"page_meta_elements":{"joined":true,"articles_count":true,"comments":true}},{"id":"breadcrumbs","enabled":false}],"e77773c76432a871deb0e9dddb2bf2ec":"","hero_alignment1":"left","hero_alignment2":"center","hero_vertical_alignment":"center","9ffb30d581f71b523a4ebc214f903e7b":"","hero_structure":"narrow","3ae8d94334920ac778c3f25d18c4f8c9":"","page_title_bg_type":"featured_image","custom_hero_background":{"attachment_id":null},"parallax":{"desktop":false,"tablet":false,"mobile":false},"9b6fd6fabdcc79ae7d853765a9e093b9":"","hero_height":"250px","pageTitleFont":{"family":"Default","variation":"Default","size":{"desktop":"32px","tablet":"30px","mobile":"25px"},"line-height":"CT_CSS_SKIP_RULE","letter-spacing":"CT_CSS_SKIP_RULE","text-transform":"CT_CSS_SKIP_RULE","text-decoration":"CT_CSS_SKIP_RULE"},"pageTitleFontColor":{"default":{"color":"CT_CSS_SKIP_RULEDEFAULT"}},"pageMetaFont":{"family":"Default","variation":"n6","size":{"desktop":"12px","tablet":"12px","mobile":"12px"},"line-height":"1.3","letter-spacing":"CT_CSS_SKIP_RULE","text-transform":"uppercase","text-decoration":"CT_CSS_SKIP_RULE"},"pageMetaFontColor":{"default":{"color":"CT_CSS_SKIP_RULEDEFAULT"},"hover":{"color":"CT_CSS_SKIP_RULEDEFAULT"}},"pageExcerptFont":{"family":"Default","variation":"Default","size":"CT_CSS_SKIP_RULE","line-height":"CT_CSS_SKIP_RULE","letter-spacing":"CT_CSS_SKIP_RULE","text-transform":"CT_CSS_SKIP_RULE","text-decoration":"CT_CSS_SKIP_RULE"},"pageExcerptColor":{"default":{"color":"CT_CSS_SKIP_RULEDEFAULT"}},"breadcrumbsFont":{"family":"Default","variation":"n6","size":"12px","line-height":"CT_CSS_SKIP_RULE","letter-spacing":"CT_CSS_SKIP_RULE","text-transform":"uppercase","text-decoration":"CT_CSS_SKIP_RULE"},"breadcrumbsFontColor":{"default":{"color":"CT_CSS_SKIP_RULEDEFAULT"},"initial":{"color":"CT_CSS_SKIP_RULEDEFAULT"},"hover":{"color":"CT_CSS_SKIP_RULEDEFAULT"}},"pageTitleOverlay":{"default":{"color":"rgba(41, 51, 60, 0.2)"}},"pageTitleBackground":{"background_type":"color","background_pattern":"type-1","background_image":{"attachment_id":null,"x":0,"y":0},"background_repeat":"no-repeat","background_size":"auto","background_attachment":"scroll","patternColor":{"default":{"color":"#e5e7ea"}},"backgroundColor":{"default":{"color":"#EDEFF2"}}},"e11b4cf2b73d1a601f6fe7d4864accda":"","page_structure_type":"default","content_style":"inherit","vertical_spacing_source":"custom","content_area_spacing":"none","background":{"background_type":"color","background_pattern":"type-1","background_image":{"attachment_id":null,"x":0,"y":0},"background_repeat":"no-repeat","background_size":"auto","background_attachment":"scroll","patternColor":{"default":{"color":"#e5e7ea"}},"backgroundColor":{"default":{"color":"CT_CSS_SKIP_RULE"}}},"content_background":{"background_type":"color","background_pattern":"type-1","background_image":{"attachment_id":null,"x":0,"y":0},"background_repeat":"no-repeat","background_size":"auto","background_attachment":"scroll","patternColor":{"default":{"color":"#e5e7ea"}},"backgroundColor":{"default":{"color":"#ffffff"}}},"content_boxed_spacing":{"desktop":"40px","tablet":"35px","mobile":"20px"},"content_boxed_radius":{"top":"3px","bottom":"3px","left":"3px","right":"3px","linked":true},"content_boxed_shadow":{"blur":18,"spread":-6,"v_offset":12,"h_offset":0,"inset":false,"enable":true,"color":{"color":"rgba(34, 56, 101, 0.04)"}},"f31f7d13efb659f5c21532d69560b54d":"","disable_featured_image":"no","disable_header":"no","disable_footer":"no","styles_descriptor":{"styles":{"desktop":"","tablet":"","mobile":""},"google_fonts":[],"version":6}},"brizy_media":[{"id":287,"url":"https:\/\/cornejoasociados.com\/legal\/wp-content\/uploads\/2020\/08\/nadine-shaabana-DrPcfuaeYFQ-unsplash.jpg","name":"nadine-shaabana-DrPcfuaeYFQ-unsplash.jpg","meta":{"brizy_attachment_uid":"wp-1f355f5decbeec892082d10c22024924.jpg","brizy_post_uid":["1ca60c0df99d4c60df646828231934f9"]}},{"id":289,"url":"https:\/\/cornejoasociados.com\/legal\/wp-content\/uploads\/2020\/08\/laura-chouette-14u6sJ6KiyI-unsplash.jpg","name":"laura-chouette-14u6sJ6KiyI-unsplash.jpg","meta":{"brizy_attachment_uid":"wp-18efab12f9793b5547d14a86b03ab936.jpg","brizy_post_uid":["1ca60c0df99d4c60df646828231934f9"]}},{"id":290,"url":"https:\/\/cornejoasociados.com\/legal\/wp-content\/uploads\/2020\/08\/heidi-kaden-xWZa0GYCMbo-unsplash.jpg","name":"heidi-kaden-xWZa0GYCMbo-unsplash.jpg","meta":{"brizy_attachment_uid":"wp-6860a48cfe22f8edaccbdbbd68dfd20f.jpg","brizy_post_uid":["1ca60c0df99d4c60df646828231934f9","8f68408a997247cf631f64361452368d"]}},{"id":1900,"url":"https:\/\/cornejoasociados.com\/legal\/wp-content\/uploads\/2022\/11\/contactenos20.jpeg","name":"contactenos20.jpeg","meta":{"brizy_attachment_uid":"wp-86db4bb6597145b4137e6fcf1d3c3658.jpeg","brizy_post_uid":["1ca60c0df99d4c60df646828231934f9"]}}],"_links":{"self":[{"href":"https:\/\/cornejoasociados.com\/legal\/wp-json\/wp\/v2\/pages\/1349","targetHints":{"allow":["GET"]}}],"collection":[{"href":"https:\/\/cornejoasociados.com\/legal\/wp-json\/wp\/v2\/pages"}],"about":[{"href":"https:\/\/cornejoasociados.com\/legal\/wp-json\/wp\/v2\/types\/page"}],"author":[{"embeddable":true,"href":"https:\/\/cornejoasociados.com\/legal\/wp-json\/wp\/v2\/users\/1"}],"replies":[{"embeddable":true,"href":"https:\/\/cornejoasociados.com\/legal\/wp-json\/wp\/v2\/comments?post=1349"}],"version-history":[{"count":30,"href":"https:\/\/cornejoasociados.com\/legal\/wp-json\/wp\/v2\/pages\/1349\/revisions"}],"predecessor-version":[{"id":2301,"href":"https:\/\/cornejoasociados.com\/legal\/wp-json\/wp\/v2\/pages\/1349\/revisions\/2301"}],"wp:attachment":[{"href":"https:\/\/cornejoasociados.com\/legal\/wp-json\/wp\/v2\/media?parent=1349"}],"curies":[{"name":"wp","href":"https:\/\/api.w.org\/{rel}","templated":true}]}}