{"id":1085,"date":"2020-08-19T10:44:04","date_gmt":"2020-08-19T10:44:04","guid":{"rendered":"https:\/\/demo.creativethemes.com\/brizy\/business\/?page_id=1085"},"modified":"2026-04-16T20:57:18","modified_gmt":"2026-04-17T01:57:18","slug":"nosotros","status":"publish","type":"page","link":"https:\/\/cornejoasociados.com\/legal\/nosotros\/","title":{"rendered":"Nosotros"},"content":{"rendered":"<div class=\"brz-root__container brz-reset-all brz brz-root__container-page\">\n<section id=\"_qnnwgfhfghfqvhkmvhbxxirljqapjsuuqztm\" class=\"brz-section brz-css-b33l8o\">\n<div class=\"brz-section__content brz-section--boxed brz-css-1eouu7m brz-css-9tl0o3\" data-brz-custom-id=\"xdwynmvieadnooickbmcowknfhfgewcrsqwa\">\n<div class=\"brz-bg\">\n<div class=\"brz-bg-image\"><\/div>\n<div class=\"brz-bg-color\"><\/div>\n<\/div>\n<div class=\"brz-container brz-css-ms8qy3\">\n<div class=\"brz-row__container brz-css-1bx9jxb\" data-brz-custom-id=\"ekprgzlbywllernnrcqzvsmbcblipwyljcek\">\n<div class=\"brz-bg\"><\/div>\n<div class=\"brz-row brz-css-w63liw brz-css-fql72f\">\n<div class=\"brz-columns brz-css-1giyr7e brz-css-9tja63\" data-brz-custom-id=\"tabvcrcqusamjfsphfbohxcjuaepedguafja\">\n<div class=\"brz-bg\"><\/div>\n<div class=\"brz-column__items brz-css-16tacl1 brz-css-1hbfnez\">\n<div id=\"\" class=\"brz-css-cpa2of brz-wrapper\">\n<div class=\"brz-rich-text brz-rich-text__custom brz-css-1w0t6rv\" data-brz-custom-id=\"junhsorkawxpzfbgrrxzhbssvcjjxuutjyfd\">\n<div data-brz-translate-text=\"1\">\n<p class=\"brz-text-xs-left brz-tp-lg-heading1 brz-fs-xs-30 brz-css-e_rV0\" data-uniq-id=\"asafd\" data-generated-css=\"brz-css-rkbvc\"><span class=\"brz-cp-color8\">NOSOTROS<\/span><\/p>\n<\/div>\n<\/div>\n<\/div>\n<div id=\"\" class=\"brz-css-cpa2of brz-wrapper\">\n<div class=\"brz-rich-text brz-rich-text__custom brz-css-1w0t6rv\" data-brz-custom-id=\"lkpwzudrowhmywbrkyyoveuclyjxoxgmgbrm\">\n<div data-brz-translate-text=\"1\">\n<p class=\"brz-text-xs-left brz-tp-lg-paragraph brz-css-tsPUO\" data-uniq-id=\"tgjqf\" data-generated-css=\"brz-css-ylsxj\"><span class=\"brz-cp-color6\">Estudio Cornejo &amp; Asociados estudio con un s\u00f3lido prestigio, nos permite aportar soluciones integrales, \u00fatiles y eficientes para  nuestros clientes.<\/span><\/p>\n<\/div>\n<\/div>\n<\/div>\n<div id=\"\" class=\"brz-css-cpa2of brz-css-1pddhi0 brz-css-r3p2p2 brz-wrapper\">\n<div class=\"brz-spacer brz-css-xwk0ip brz-css-lewotv\"><\/div>\n<\/div>\n<\/div>\n<\/div>\n<div class=\"brz-columns brz-css-1giyr7e brz-css-1vy1j5d\" data-brz-custom-id=\"kiuozubzwgtcvrfwmhlwulcjcuikwhabyxsg\">\n<div class=\"brz-bg\"><\/div>\n<div class=\"brz-column__items brz-css-16tacl1\">\n<div id=\"\" class=\"brz-css-cpa2of brz-css-1pddhi0 brz-wrapper\">\n<div class=\"brz-spacer brz-css-xwk0ip brz-css-krdc0j\"><\/div>\n<\/div>\n<\/div>\n<\/div>\n<\/div>\n<\/div>\n<\/div>\n<\/div>\n<\/section>\n<section id=\"_cwsyixfuvhnmdboolkhutqzdfwubfpuwqbkv\" class=\"brz-section brz-css-b33l8o\">\n<div class=\"brz-section__content brz-section--boxed brz-css-1eouu7m brz-css-13rlrkz\" data-brz-custom-id=\"zddodggvnvstnmkzfcfgiczujvsntcvpjnpv\">\n<div class=\"brz-container brz-css-ms8qy3\">\n<div class=\"brz-row__container brz-css-1bx9jxb brz-css-1c95gjp\" data-brz-custom-id=\"fjcahwvvphxlmqouarojebjngqiribljgjhf\">\n<div class=\"brz-bg\"><\/div>\n<div class=\"brz-row brz-css-w63liw brz-css-fql72f\">\n<div class=\"brz-columns brz-css-1giyr7e brz-css-awmlq9\" data-brz-custom-id=\"vozxknerlopakafgkjzhftlvtqsvrqadsndn\">\n<div class=\"brz-bg\"><\/div>\n<div class=\"brz-column__items brz-css-16tacl1\">\n<div id=\"\" class=\"brz-css-cpa2of brz-wrapper\">\n<div class=\"brz-image brz-css-8nkwwo brz-css-rwmx9a\" data-brz-custom-id=\"bkpcjvimgzpcfwbsorhjwdkdzgjykvokiisa\"><img decoding=\"async\" class=\"brz-img\" src=\"https:\/\/cornejoasociados.com\/legal\/wp-content\/uploads\/brizy\/imgs\/contrato1Q-1-549x324x32x0x485x324x1668521303.jpg\" alt=\"\" loading=\"lazy\"><\/div>\n<\/div>\n<\/div>\n<\/div>\n<div class=\"brz-columns brz-css-1giyr7e brz-css-1q8k6yj\" data-brz-custom-id=\"chtwehkwaidxinzqgnlgreuenkvwgbgfabeg\">\n<div class=\"brz-bg\"><\/div>\n<div class=\"brz-column__items brz-css-16tacl1 brz-css-14zhp3j\">\n<div id=\"\" class=\"brz-css-cpa2of brz-css-tvqfl7 brz-wrapper\">\n<div class=\"brz-rich-text brz-rich-text__custom brz-css-1w0t6rv\" data-brz-custom-id=\"ifteolcrbpttgbtndlxxnsrmyjsgklallzki\">\n<div data-brz-translate-text=\"1\">\n<h2 data-uniq-id=\"wxdxz\" data-generated-css=\"brz-css-eydfh\" class=\"brz-text-xs-center brz-tp-lg-heading2 brz-css-mBiAm\"><span class=\"brz-cp-color3\">QUIENES SOMOS<\/span><\/h2>\n<\/div>\n<\/div>\n<\/div>\n<div id=\"\" class=\"brz-css-cpa2of brz-css-1veo4fw brz-wrapper\">\n<div class=\"brz-line brz-line-default brz-css-12005vw brz-css-126q22x\" data-brz-custom-id=\"akljkchiwixiduuhfzuwxwraaxwrlqstjsqa\">\n<hr class=\"brz-hr\"><\/div>\n<\/div>\n<div class=\"brz-row__container brz-css-1bx9jxb\" data-brz-custom-id=\"jstrqjqddzmmfvkmuuzikdbdbtqbjimrjljk\">\n<div class=\"brz-bg\"><\/div>\n<div class=\"brz-row brz-row--inner brz-css-w63liw brz-css-fql72f\">\n<div class=\"brz-columns brz-css-1giyr7e brz-css-ddnve0\" data-brz-custom-id=\"yexkvcaykgykwgeqnnzzfggmqxgtcbulzwga\">\n<div class=\"brz-bg\"><\/div>\n<div class=\"brz-column__items brz-css-16tacl1 brz-css-qsoqg7\">\n<div id=\"\" class=\"brz-css-cpa2of brz-wrapper\">\n<div class=\"brz-rich-text brz-rich-text__custom brz-css-1w0t6rv\" data-brz-custom-id=\"laosqstwiagvouddbduhlarsgtfcnokcmeww\">\n<div data-brz-translate-text=\"1\">\n<p class=\"brz-text-xs-justify brz-tp-lg-paragraph brz-text-lg-justify brz-css-nOHKC\" data-uniq-id=\"ywoej\" data-generated-css=\"brz-css-plqze\">Estudio Cornejo &amp; Asociados es un estudio que aspira con tener un s\u00f3lido prestigio, ofreciendo a nuestros clientes servicios profesionales de un equipo altamente calificado en las diversas \u00e1reas, lo que nos permite aportar soluciones integrales, \u00fatiles y eficientes para que nuestros clientes alcancen sus objetivos, satisfaciendo todos sus requerimientos.<\/p>\n<p class=\"brz-text-xs-justify brz-tp-lg-paragraph brz-text-lg-justify brz-css-m1p6_\" data-uniq-id=\"ujlvy\" data-generated-css=\"brz-css-uzfse\"><\/p>\n<p class=\"brz-text-xs-justify brz-tp-lg-paragraph brz-text-lg-justify brz-css-aD5iw\" data-uniq-id=\"cxjmf\" data-generated-css=\"brz-css-lvenv\">Contamos con profesionales de amplia experiencia en materia legal en Derecho Civil, Derecho de Trabajo y Previsional, Litigios, estrategias y Soluci\u00f3n de Controversias, Derecho Administrativo, Derecho de Familia, Derecho Penal, Derecho Aduanero, Derecho Empresarial, Derecho Registral, Derecho inmobiliario, Gesti\u00f3n Estrat\u00e9gica, Desarrollo Organizacional y Talento Humano, Gesti\u00f3n de recursos humanos e inmobiliarios.<\/p>\n<p class=\"brz-text-xs-justify brz-tp-lg-paragraph brz-text-lg-justify brz-css-j28ZI\" data-uniq-id=\"ywnjm\" data-generated-css=\"brz-css-pttdg\"><\/p>\n<p class=\"brz-text-xs-justify brz-tp-lg-paragraph brz-text-lg-justify brz-css-iR6pI\" data-uniq-id=\"ebmct\" data-generated-css=\"brz-css-xhxau\">Es por ello que la prestaci\u00f3n de los servicios de nuestro estudio, la calidad en el trabajo profesional, la relaci\u00f3n de cercan\u00eda y confianza con nuestros clientes, la agilidad en atender los distintos tipos de requerimientos y el estricto respeto a las reglas de la \u00e9tica profesional son nuestros principios fundamentales<\/p>\n<p class=\"brz-text-xs-justify brz-tp-lg-paragraph brz-css-z4Hvt\" data-uniq-id=\"bqavt\" data-generated-css=\"brz-css-hstuq\"><\/p>\n<\/div>\n<\/div>\n<\/div>\n<\/div>\n<\/div>\n<\/div>\n<\/div>\n<\/div>\n<\/div>\n<\/div>\n<\/div>\n<\/div>\n<\/div>\n<\/section>\n<section id=\"_ebyzbzdhiofysuoadebqrvheohmmvpgcqhuy\" class=\"brz-section brz-css-b33l8o\">\n<div class=\"brz-section__content brz-section--boxed brz-css-1eouu7m brz-css-bbrjqw\" data-brz-custom-id=\"dmdwuhxhxuirgmbreccuewuorjqykkphkfhm\">\n<div class=\"brz-bg\">\n<div class=\"brz-bg-color\"><\/div>\n<\/div>\n<div class=\"brz-container brz-css-ms8qy3 brz-css-6ct6xe\">\n<div id=\"\" class=\"brz-css-cpa2of brz-css-n5oamc brz-wrapper\">\n<div class=\"brz-rich-text brz-rich-text__custom brz-css-1w0t6rv\" data-brz-custom-id=\"bxlotfxczirvbivexhflavkqnphcnwxbfyvl\">\n<div data-brz-translate-text=\"1\">\n<h1 class=\"brz-text-lg-center brz-tp-lg-heading1 brz-css-if58W\" data-generated-css=\"brz-css-cwstp\" data-uniq-id=\"uabqo\"><span class=\"brz-cp-color2\">Estudio Cornejo &amp; Asociados<\/span><\/h1>\n<\/div>\n<\/div>\n<\/div>\n<div id=\"\" class=\"brz-css-cpa2of brz-css-1pddhi0 brz-css-ssg21y brz-wrapper\">\n<div class=\"brz-spacer brz-css-xwk0ip brz-css-zx4fj6\"><\/div>\n<\/div>\n<div class=\"brz-row__container brz-css-1bx9jxb\" data-brz-custom-id=\"kdrsbtqgenogxyurtbvpewwbipxvzeghhopy\">\n<div class=\"brz-bg\"><\/div>\n<div class=\"brz-row brz-css-w63liw brz-css-fql72f\">\n<div class=\"brz-columns brz-css-1giyr7e brz-css-93eu0r\" data-brz-custom-id=\"hinnfaoigpmyywtgoalqhpuwylhdorppgexl\">\n<div class=\"brz-bg\">\n<div class=\"brz-bg-color\"><\/div>\n<\/div>\n<div class=\"brz-column__items brz-css-16tacl1 brz-css-6h3phn\">\n<div id=\"\" class=\"brz-css-cpa2of brz-css-1pddhi0 brz-css-yiurxf brz-wrapper\">\n<div class=\"brz-spacer brz-css-xwk0ip brz-css-1c2wekp\"><\/div>\n<\/div>\n<div id=\"\" class=\"brz-css-cpa2of brz-css-11konrh brz-wrapper\">\n<div class=\"brz-rich-text brz-rich-text__custom brz-css-1w0t6rv\" data-brz-custom-id=\"qcyumxnbajhaxelozkfielblazkitybrliti\">\n<div data-brz-translate-text=\"1\">\n<h4 class=\"brz-tp-lg-heading4 brz-text-xs-center brz-css-rfaXE\" data-uniq-id=\"vsxtd\" data-generated-css=\"brz-css-avbln\"><strong class=\"brz-cp-color2\">Misi\u00f3n<\/strong><\/h4>\n<\/div>\n<\/div>\n<\/div>\n<div id=\"\" class=\"brz-css-cpa2of brz-css-12t5xpv brz-wrapper\">\n<div class=\"brz-rich-text brz-rich-text__custom brz-css-1w0t6rv\" data-brz-custom-id=\"hzmutbkcvgicrfzyhqqveugmiqkvgmlcdpik\">\n<div data-brz-translate-text=\"1\">\n<p class=\"brz-tp-lg-paragraph brz-text-lg-justify brz-css-z2y0D\" data-uniq-id=\"utzka\" data-generated-css=\"brz-css-sykvp\"><span class=\"brz-cp-color7\">Habernos comprometido con la excelencia profesional, llevando a nuestros clientes a alcanzar sus metas y objetivos, ofreci\u00e9ndoles asesor\u00edas y consultor\u00edas con un enfoque diferente de la m\u00e1s alta calidad y superando sus expectativas<\/span><\/p>\n<\/div>\n<\/div>\n<\/div>\n<div id=\"\" class=\"brz-css-cpa2of brz-css-1pddhi0 brz-css-fu1wt0 brz-wrapper\">\n<div class=\"brz-spacer brz-css-xwk0ip brz-css-qr32zm\"><\/div>\n<\/div>\n<\/div>\n<\/div>\n<div class=\"brz-columns brz-css-1giyr7e brz-css-1vii56e\" data-brz-custom-id=\"yypbajpbxffjfvmcwonecocpvtwxzloqxdhl\">\n<div class=\"brz-bg\">\n<div class=\"brz-bg-color\"><\/div>\n<\/div>\n<div class=\"brz-column__items brz-css-16tacl1 brz-css-1a85d5o\">\n<div id=\"\" class=\"brz-css-cpa2of brz-css-1pddhi0 brz-css-1dcbp31 brz-wrapper\">\n<div class=\"brz-spacer brz-css-xwk0ip brz-css-8bx4v\"><\/div>\n<\/div>\n<div id=\"\" class=\"brz-css-cpa2of brz-css-3gd3tt brz-wrapper\">\n<div class=\"brz-rich-text brz-rich-text__custom brz-css-1w0t6rv\" data-brz-custom-id=\"efghqbizlvhxxnxfiypqxlgrqguzyjnuzcph\">\n<div data-brz-translate-text=\"1\">\n<h4 class=\"brz-tp-lg-heading4 brz-text-xs-center brz-css-rhmrY\" data-uniq-id=\"ecwjk\" data-generated-css=\"brz-css-hhxde\"><strong class=\"brz-cp-color2\">Visi\u00f3n<\/strong><\/h4>\n<\/div>\n<\/div>\n<\/div>\n<div id=\"\" class=\"brz-css-cpa2of brz-css-1fv714w brz-wrapper\">\n<div class=\"brz-rich-text brz-rich-text__custom brz-css-1w0t6rv\" data-brz-custom-id=\"loilsvtucxpferrellmrnlvoavqgqropcqxq\">\n<div data-brz-translate-text=\"1\">\n<p class=\"brz-tp-lg-paragraph brz-text-lg-justify brz-css-eUh9A\" data-uniq-id=\"alyjr\" data-generated-css=\"brz-css-pnagu\"><span class=\"brz-cp-color7\">Aspiramos contar con un s\u00f3lido prestigio, ejerciendo un definido liderazgo en todas sus \u00e1reas de pr\u00e1ctica, constituy\u00e9ndonos en el referente profesional de alta calidad y en la primera opci\u00f3n para cualquier cliente<\/span><span class=\"brz-cp-color7\">&nbsp;<\/span><\/p>\n<\/div>\n<\/div>\n<\/div>\n<div id=\"\" class=\"brz-css-cpa2of brz-css-1pddhi0 brz-css-1gf5t0m brz-wrapper\">\n<div class=\"brz-spacer brz-css-xwk0ip brz-css-n524o4\"><\/div>\n<\/div>\n<\/div>\n<\/div>\n<\/div>\n<\/div>\n<\/div>\n<\/div>\n<\/section>\n<\/div>\n<p>    <!-- version:1738087841 --><\/p>\n","protected":false},"excerpt":{"rendered":"<p>NOSOTROS Estudio Cornejo &amp; Asociados estudio con un s\u00f3lido prestigio, nos permite aportar soluciones integrales, \u00fatiles y eficientes para nuestros clientes. QUIENES SOMOS Estudio Cornejo &amp; Asociados es un estudio que aspira con tener un s\u00f3lido prestigio, ofreciendo a nuestros clientes servicios profesionales de un equipo altamente calificado en las diversas \u00e1reas, lo que nos [&hellip;]<\/p>\n","protected":false},"author":1,"featured_media":0,"parent":0,"menu_order":0,"comment_status":"closed","ping_status":"closed","template":"","meta":{"footnotes":""},"class_list":["post-1085","page","type-page","status-publish","hentry"],"blocksy_meta":{"page_title_panel":"","has_hero_section":"disabled","5c2b5463970accc0befbedc4dd7d5ca6":"","hero_section":"type-1","hero_elements":[{"id":"custom_title","enabled":true,"heading_tag":"h1","title":"Home"},{"id":"custom_description","enabled":true,"description_visibility":{"desktop":true,"tablet":true,"mobile":false}},{"id":"custom_meta","enabled":false,"meta_elements":[{"id":"author","enabled":true,"label":"By","has_author_avatar":"yes","avatar_size":25},{"id":"post_date","enabled":true,"label":"On","date_format_source":"default","date_format":"M j, Y"},{"id":"comments","enabled":true}],"page_meta_elements":{"joined":true,"articles_count":true,"comments":true}},{"id":"breadcrumbs","enabled":false}],"26f75b970aa79e3c28002b2ea5095718":"","hero_alignment1":"left","hero_alignment2":"center","hero_vertical_alignment":"center","6771f2f34cc3e9ad28a5ac27daa3cebc":"","hero_structure":"narrow","44987c49ca541051e359db315e4fe525":"","page_title_bg_type":"featured_image","custom_hero_background":{"attachment_id":null},"parallax":{"desktop":false,"tablet":false,"mobile":false},"4787faee7f49c6f172937d521043be7e":"","hero_height":"250px","pageTitleFont":{"family":"Default","variation":"Default","size":{"desktop":"32px","tablet":"30px","mobile":"25px"},"line-height":"CT_CSS_SKIP_RULE","letter-spacing":"CT_CSS_SKIP_RULE","text-transform":"CT_CSS_SKIP_RULE","text-decoration":"CT_CSS_SKIP_RULE"},"pageTitleFontColor":{"default":{"color":"CT_CSS_SKIP_RULEDEFAULT"}},"pageMetaFont":{"family":"Default","variation":"n6","size":{"desktop":"12px","tablet":"12px","mobile":"12px"},"line-height":"1.3","letter-spacing":"CT_CSS_SKIP_RULE","text-transform":"uppercase","text-decoration":"CT_CSS_SKIP_RULE"},"pageMetaFontColor":{"default":{"color":"CT_CSS_SKIP_RULEDEFAULT"},"hover":{"color":"CT_CSS_SKIP_RULEDEFAULT"}},"pageExcerptFont":{"family":"Default","variation":"Default","size":"CT_CSS_SKIP_RULE","line-height":"CT_CSS_SKIP_RULE","letter-spacing":"CT_CSS_SKIP_RULE","text-transform":"CT_CSS_SKIP_RULE","text-decoration":"CT_CSS_SKIP_RULE"},"pageExcerptColor":{"default":{"color":"CT_CSS_SKIP_RULEDEFAULT"}},"breadcrumbsFont":{"family":"Default","variation":"n6","size":"12px","line-height":"CT_CSS_SKIP_RULE","letter-spacing":"CT_CSS_SKIP_RULE","text-transform":"uppercase","text-decoration":"CT_CSS_SKIP_RULE"},"breadcrumbsFontColor":{"default":{"color":"CT_CSS_SKIP_RULEDEFAULT"},"initial":{"color":"CT_CSS_SKIP_RULEDEFAULT"},"hover":{"color":"CT_CSS_SKIP_RULEDEFAULT"}},"pageTitleOverlay":{"default":{"color":"rgba(41, 51, 60, 0.2)"}},"pageTitleBackground":{"background_type":"color","background_pattern":"type-1","background_image":{"attachment_id":null,"x":0,"y":0},"background_repeat":"no-repeat","background_size":"auto","background_attachment":"scroll","patternColor":{"default":{"color":"#e5e7ea"}},"backgroundColor":{"default":{"color":"#EDEFF2"}}},"6c91c1678000458598b8899793389c0d":"","page_structure_type":"default","content_style":"inherit","vertical_spacing_source":"custom","content_area_spacing":"none","background":{"background_type":"color","background_pattern":"type-1","background_image":{"attachment_id":null,"x":0,"y":0},"background_repeat":"no-repeat","background_size":"auto","background_attachment":"scroll","patternColor":{"default":{"color":"#e5e7ea"}},"backgroundColor":{"default":{"color":"CT_CSS_SKIP_RULE"}}},"content_background":{"background_type":"color","background_pattern":"type-1","background_image":{"attachment_id":null,"x":0,"y":0},"background_repeat":"no-repeat","background_size":"auto","background_attachment":"scroll","patternColor":{"default":{"color":"#e5e7ea"}},"backgroundColor":{"default":{"color":"#ffffff"}}},"content_boxed_spacing":{"desktop":"40px","tablet":"35px","mobile":"20px"},"content_boxed_radius":{"top":"3px","bottom":"3px","left":"3px","right":"3px","linked":true},"content_boxed_shadow":{"blur":18,"spread":-6,"v_offset":12,"h_offset":0,"inset":false,"enable":true,"color":{"color":"rgba(34, 56, 101, 0.04)"}},"21e8067b341dffa35d83b1b83fa4ba17":"","disable_featured_image":"no","disable_header":"no","disable_footer":"no","styles_descriptor":{"styles":{"desktop":"","tablet":"","mobile":""},"google_fonts":[],"version":6}},"brizy_media":[{"id":219,"url":"https:\/\/cornejoasociados.com\/legal\/wp-content\/uploads\/2020\/08\/ryota-nagasaka-w_5TUm7Xa00-unsplash2.jpg","name":"ryota-nagasaka-w_5TUm7Xa00-unsplash2.jpg","meta":{"brizy_attachment_uid":"wp-c084623301bef5eb5f0961108ffcad1b.jpg","brizy_post_uid":["1f49b9aafa8c0ee4d3d6fbc1b58b9f15"]}},{"id":223,"url":"https:\/\/cornejoasociados.com\/legal\/wp-content\/uploads\/2020\/08\/jacqueline-day-1SapfOEZN2g-unsplash.png","name":"jacqueline-day-1SapfOEZN2g-unsplash.png","meta":{"brizy_attachment_uid":"wp-9f81d6ee4d1965723561157d754c710e.png","brizy_post_uid":["1f49b9aafa8c0ee4d3d6fbc1b58b9f15","2adcfa96b27d73d528d7594406c3a782"]}},{"id":236,"url":"https:\/\/cornejoasociados.com\/legal\/wp-content\/uploads\/2020\/08\/daniel-korpai-mxPiMiz7KCo-unsplash.jpg","name":"daniel-korpai-mxPiMiz7KCo-unsplash.jpg","meta":{"brizy_attachment_uid":"wp-2a3254b1d3107907b62308f596f1866e.jpg","brizy_post_uid":["1f49b9aafa8c0ee4d3d6fbc1b58b9f15"]}},{"id":239,"url":"https:\/\/cornejoasociados.com\/legal\/wp-content\/uploads\/2020\/08\/eftakher-alam-i1VQZsU86ok-unsplash.jpg","name":"eftakher-alam-i1VQZsU86ok-unsplash.jpg","meta":{"brizy_attachment_uid":"wp-79a3d65a99693145cd4daf1be53e0ca1.jpg","brizy_post_uid":["1f49b9aafa8c0ee4d3d6fbc1b58b9f15"]}},{"id":240,"url":"https:\/\/cornejoasociados.com\/legal\/wp-content\/uploads\/2020\/08\/s-o-c-i-a-l-c-u-t-OjnmCKmzr3A-unsplash2.jpg","name":"s-o-c-i-a-l-c-u-t-OjnmCKmzr3A-unsplash2.jpg","meta":{"brizy_attachment_uid":"wp-4bfe4dad5f90577d23f39bf663e80095.jpg","brizy_post_uid":["1f49b9aafa8c0ee4d3d6fbc1b58b9f15"]}},{"id":255,"url":"https:\/\/cornejoasociados.com\/legal\/wp-content\/uploads\/2020\/08\/ebay.svg","name":"ebay.svg","meta":{"brizy_attachment_uid":"wp-93ebabcd8008df7ce55037339dbe28f8.svg","brizy_post_uid":["1f49b9aafa8c0ee4d3d6fbc1b58b9f15"]}},{"id":257,"url":"https:\/\/cornejoasociados.com\/legal\/wp-content\/uploads\/2020\/08\/cnn.svg","name":"cnn.svg","meta":{"brizy_attachment_uid":"wp-b609c07e1c5c34a8e05a0101f81454f9.svg","brizy_post_uid":["1f49b9aafa8c0ee4d3d6fbc1b58b9f15"]}},{"id":258,"url":"https:\/\/cornejoasociados.com\/legal\/wp-content\/uploads\/2020\/08\/google.svg","name":"google.svg","meta":{"brizy_attachment_uid":"wp-9dcac421a3a6154987d9e61022729bd6.svg","brizy_post_uid":["1f49b9aafa8c0ee4d3d6fbc1b58b9f15"]}},{"id":259,"url":"https:\/\/cornejoasociados.com\/legal\/wp-content\/uploads\/2020\/08\/cisco.svg","name":"cisco.svg","meta":{"brizy_attachment_uid":"wp-c7bf038282807f3dfe5cf0eb4c0bf4e5.svg","brizy_post_uid":["1f49b9aafa8c0ee4d3d6fbc1b58b9f15"]}},{"id":260,"url":"https:\/\/cornejoasociados.com\/legal\/wp-content\/uploads\/2020\/08\/airbnb.svg","name":"airbnb.svg","meta":{"brizy_attachment_uid":"wp-2369c117955ebe48cb99b461531db26d.svg","brizy_post_uid":["1f49b9aafa8c0ee4d3d6fbc1b58b9f15"]}},{"id":261,"url":"https:\/\/cornejoasociados.com\/legal\/wp-content\/uploads\/2020\/08\/uber.svg","name":"uber.svg","meta":{"brizy_attachment_uid":"wp-7775efb400074ab38e7bbedd4c836bc0.svg","brizy_post_uid":["1f49b9aafa8c0ee4d3d6fbc1b58b9f15"]}},{"id":267,"url":"https:\/\/cornejoasociados.com\/legal\/wp-content\/uploads\/2020\/08\/ali-morshedlou-WMD64tMfc4k-unsplash.jpg","name":"ali-morshedlou-WMD64tMfc4k-unsplash.jpg","meta":{"brizy_attachment_uid":"wp-14408f2d05405cc463704c11dfa864e5.jpg","brizy_post_uid":["1f49b9aafa8c0ee4d3d6fbc1b58b9f15"]}},{"id":270,"url":"https:\/\/cornejoasociados.com\/legal\/wp-content\/uploads\/2020\/08\/christina-wocintechchat-com-0Zx1bDv5BNY-unsplash.jpg","name":"christina-wocintechchat-com-0Zx1bDv5BNY-unsplash.jpg","meta":{"brizy_attachment_uid":"wp-f1cccbeb9e82e8de45c7d4a7918682e5.jpg","brizy_post_uid":["1f49b9aafa8c0ee4d3d6fbc1b58b9f15"]}},{"id":272,"url":"https:\/\/cornejoasociados.com\/legal\/wp-content\/uploads\/2020\/08\/bantersnaps-pzOUnvx9c1E-unsplash.jpg","name":"bantersnaps-pzOUnvx9c1E-unsplash.jpg","meta":{"brizy_attachment_uid":"wp-cf4d52b3f3c67a5c6680f7e7006c051d.jpg","brizy_post_uid":["1f49b9aafa8c0ee4d3d6fbc1b58b9f15"]}},{"id":273,"url":"https:\/\/cornejoasociados.com\/legal\/wp-content\/uploads\/2020\/08\/disruptivo-pdejnCbAyxU-unsplash.jpg","name":"disruptivo-pdejnCbAyxU-unsplash.jpg","meta":{"brizy_attachment_uid":"wp-c54f2b17bab1bbe0f201692298240eeb.jpg","brizy_post_uid":["1f49b9aafa8c0ee4d3d6fbc1b58b9f15"]}},{"id":275,"url":"https:\/\/cornejoasociados.com\/legal\/wp-content\/uploads\/2020\/08\/zahir-namane-hwc7eIQiTCE-unsplash.jpg","name":"zahir-namane-hwc7eIQiTCE-unsplash.jpg","meta":{"brizy_attachment_uid":"wp-67ad75083582fc69027fdc70b73c5782.jpg","brizy_post_uid":["1f49b9aafa8c0ee4d3d6fbc1b58b9f15"]}},{"id":276,"url":"https:\/\/cornejoasociados.com\/legal\/wp-content\/uploads\/2020\/08\/christina-wocintechchat-com-S3GrMiUhpNU-unsplash.jpg","name":"christina-wocintechchat-com-S3GrMiUhpNU-unsplash.jpg","meta":{"brizy_attachment_uid":"wp-b4a8f51a006355fa1c88a32da5dfff41.jpg","brizy_post_uid":["1f49b9aafa8c0ee4d3d6fbc1b58b9f15"]}},{"id":277,"url":"https:\/\/cornejoasociados.com\/legal\/wp-content\/uploads\/2020\/08\/austin-distel-7uoMmzPd2JA-unsplash.jpg","name":"austin-distel-7uoMmzPd2JA-unsplash.jpg","meta":{"brizy_attachment_uid":"wp-48961f5abda37bcedf1867fa0ca3618e.jpg","brizy_post_uid":["1f49b9aafa8c0ee4d3d6fbc1b58b9f15"]}},{"id":278,"url":"https:\/\/cornejoasociados.com\/legal\/wp-content\/uploads\/2020\/08\/laura-chouette-nkWnc-W_GP8-unsplash.jpg","name":"laura-chouette-nkWnc-W_GP8-unsplash.jpg","meta":{"brizy_attachment_uid":"wp-395be42580d178ee85d57b55c76faf02.jpg","brizy_post_uid":["1f49b9aafa8c0ee4d3d6fbc1b58b9f15"]}},{"id":1780,"url":"https:\/\/cornejoasociados.com\/legal\/wp-content\/uploads\/2022\/11\/contrato1Q-1.jpg","name":"contrato1Q-1.jpg","meta":{"brizy_attachment_uid":"wp-ed3a9c9c2e245249e02b9eb763acffcf.jpg","brizy_post_uid":["8f68408a997247cf631f64361452368d","1f49b9aafa8c0ee4d3d6fbc1b58b9f15","4e8a5e2d867ed6f9d48e47c601c177e9"]}},{"id":1879,"url":"https:\/\/cornejoasociados.com\/legal\/wp-content\/uploads\/2022\/11\/mediacion-liderazgo.jpg","name":"mediacion-liderazgo.jpg","meta":{"brizy_attachment_uid":"wp-75f57d7b41b04b7a393c0c3dd1ff6d6e.jpg","brizy_post_uid":["1f49b9aafa8c0ee4d3d6fbc1b58b9f15","f0d6860b35043baa7fbccbdcd1eca41e"]}}],"_links":{"self":[{"href":"https:\/\/cornejoasociados.com\/legal\/wp-json\/wp\/v2\/pages\/1085","targetHints":{"allow":["GET"]}}],"collection":[{"href":"https:\/\/cornejoasociados.com\/legal\/wp-json\/wp\/v2\/pages"}],"about":[{"href":"https:\/\/cornejoasociados.com\/legal\/wp-json\/wp\/v2\/types\/page"}],"author":[{"embeddable":true,"href":"https:\/\/cornejoasociados.com\/legal\/wp-json\/wp\/v2\/users\/1"}],"replies":[{"embeddable":true,"href":"https:\/\/cornejoasociados.com\/legal\/wp-json\/wp\/v2\/comments?post=1085"}],"version-history":[{"count":27,"href":"https:\/\/cornejoasociados.com\/legal\/wp-json\/wp\/v2\/pages\/1085\/revisions"}],"predecessor-version":[{"id":2078,"href":"https:\/\/cornejoasociados.com\/legal\/wp-json\/wp\/v2\/pages\/1085\/revisions\/2078"}],"wp:attachment":[{"href":"https:\/\/cornejoasociados.com\/legal\/wp-json\/wp\/v2\/media?parent=1085"}],"curies":[{"name":"wp","href":"https:\/\/api.w.org\/{rel}","templated":true}]}}