{"id":1349,"date":"2020-08-19T12:00:32","date_gmt":"2020-08-19T12:00:32","guid":{"rendered":"https:\/\/demo.creativethemes.com\/brizy\/business\/?page_id=1349"},"modified":"2026-04-08T20:50:27","modified_gmt":"2026-04-09T01:50:27","slug":"contactenos","status":"publish","type":"page","link":"https:\/\/cornejoasociados.com\/inmobiliaria\/contactenos\/","title":{"rendered":"CONT\u00c1CTENOS"},"content":{"rendered":"<div class=\"brz brz-root__container brz-reset-all brz-root__container-page\">\n<section id=\"yrmkvskcqskcgixnssqralxlxzafbfgiwthx_yrmkvskcqskcgixnssqralxlxzafbfgiwthx\" class=\"brz-section brz-css-d-section brz-css-1kqqoh0\">\n<div class=\"brz-section__content brz-section--boxed brz-css-d-sectionitem-bg brz-css-1tq1bx7\" data-brz-custom-id=\"zctsouxpjfvjvlenzjrbvgrzwqftaqbwyjiq\">\n<div class=\"brz-bg\">\n<div class=\"brz-bg-image\"><\/div>\n<div class=\"brz-bg-color\"><\/div>\n<\/div>\n<div class=\"brz-container brz-css-d-sectionitem-container brz-css-l9souw\">\n<div class=\"brz-row__container brz-css-d-row-row brz-css-1ea8e7s\" data-brz-custom-id=\"zmoofrqhxgrlankunbcjwtalcogutwfmqixv\">\n<div class=\"brz-row brz-css-d-row-container brz-css-r-row-container brz-css-kfheso\">\n<div class=\"brz-columns brz-css-d-column-column brz-css-1ck3si1\" data-brz-custom-id=\"bwzgyexntjnoydscrmsrpmgdivcldjfoyaqw\">\n<div class=\"brz-column__items brz-css-d-column-bg brz-css-1y4fl32\">\n<div id=\"\" class=\"brz-css-d-wrapper brz-css-8413tj brz-wrapper\">\n<div class=\"brz-rich-text brz-rich-text__custom brz-css-d-richtext brz-css-1bgne7e\" data-brz-custom-id=\"eailxzzfraircmjkixtnfxryrqdgqvgyqwag\">\n<div data-brz-translate-text=\"1\">\n<p class=\"brz-tp-lg-heading1 brz-css-aUp5i\" data-uniq-id=\"owqab\" data-generated-css=\"brz-css-zkder\"><span class=\"brz-cp-color8\">CONT\u00c1CTENOS<\/span><\/p>\n<\/div>\n<\/div>\n<\/div>\n<div id=\"\" class=\"brz-css-d-wrapper brz-css-kv7pvx brz-wrapper\">\n<div class=\"brz-rich-text brz-rich-text__custom brz-css-d-richtext brz-css-1ekedhd\" data-brz-custom-id=\"nzxtrlnwoskcoucqatbpqmgfbwinjanrlaqo\">\n<div data-brz-translate-text=\"1\">\n<p class=\"brz-tp-lg-paragraph brz-css-qdN7u\" data-uniq-id=\"dotwz\" data-generated-css=\"brz-css-bmvjv\"><span class=\"brz-cp-color6\">Para mayor informaci\u00f3n acerca de nuestros servicios, no dude en comunicarse con nosotros.<\/span><\/p>\n<\/div>\n<\/div>\n<\/div>\n<\/div>\n<\/div>\n<div class=\"brz-columns brz-css-d-column-column brz-css-7m8i7p\" data-brz-custom-id=\"pmijoaqucwaebyhvjkeprzamrezgsadpfsrj\">\n<div class=\"brz-column__items brz-css-d-column-bg brz-css-1qyzpht\">\n<div id=\"\" class=\"brz-css-d-wrapper brz-css-r-wrapper brz-css-1vkn4vo brz-wrapper\">\n<div class=\"brz-spacer brz-css-d-spacer brz-css-1v0jk0f\"><\/div>\n<\/div>\n<\/div>\n<\/div>\n<\/div>\n<\/div>\n<\/div>\n<\/div>\n<\/section>\n<section id=\"pcksctucqdnqvgzhvkwposfpgtttsetgtrdv_pcksctucqdnqvgzhvkwposfpgtttsetgtrdv\" class=\"brz-section brz-css-d-section brz-css-t1jijn\">\n<div class=\"brz-section__content brz-section--boxed brz-css-d-sectionitem-bg brz-css-vua0dq\" data-brz-custom-id=\"wpfhfdtebseeujyibaqmtwuzkaygkfkmbvnh\">\n<div class=\"brz-container brz-css-d-sectionitem-container brz-css-1465tkx\">\n<div id=\"\" class=\"brz-css-d-wrapper brz-css-r-wrapper brz-css-zevcn9 brz-wrapper\">\n<div class=\"brz-spacer brz-css-d-spacer brz-css-j1mabf\"><\/div>\n<\/div>\n<div class=\"brz-row__container brz-css-d-row-row brz-css-bcfi0z\" data-brz-custom-id=\"cxmhyxeohhzkmqfoacnysfnevvqmaedddpaj\">\n<div class=\"brz-row brz-css-d-row-container brz-css-r-row-container brz-css-1bgbemg\">\n<div class=\"brz-columns brz-css-d-column-column brz-css-qyezf7\" data-brz-custom-id=\"opamdutsevszvxkfiivxnoxzjuxcbepzqnen\">\n<div class=\"brz-column__items brz-css-d-column-bg brz-css-1x6rlhg\">\n<div id=\"\" class=\"brz-css-d-wrapper brz-css-1re2ddz brz-wrapper\">\n<div class=\"brz-map brz-map_styles brz-css-d-map brz-css-lwvlya\" data-brz-custom-id=\"qcwrrcfsvvtbcebpbmqaszvabzgvajljhwhv\">\n<div class=\"brz-ui-ed-map-content\"><\/div>\n<\/div>\n<\/div>\n<\/div>\n<\/div>\n<div class=\"brz-columns brz-css-d-column-column brz-css-1en38ca\" data-brz-custom-id=\"ivpxmpxmlkxhsppatozhssdwqmodnlcmtmef\">\n<div class=\"brz-column__items brz-css-d-column-bg brz-css-47lqbk\">\n<div id=\"\" class=\"brz-css-d-wrapper brz-css-13ye5so brz-wrapper\">\n<div class=\"brz-wp-shortcode brz-css-d-wpcustomshortcode brz-css-1n6mim\" data-brz-custom-id=\"vSQGbDvXjFhG\">\n<div><div class=\"forminator-ui forminator-custom-form forminator-custom-form-6402 forminator-design--flat  forminator_ajax\" data-forminator-render=\"0\" data-form=\"forminator-module-6402\" data-uid=\"69e1a7a397421\"><br\/><\/div><form\n\t\t\t\tid=\"forminator-module-6402\"\n\t\t\t\tclass=\"forminator-ui forminator-custom-form forminator-custom-form-6402 forminator-design--flat  forminator_ajax\"\n\t\t\t\tmethod=\"post\"\n\t\t\t\tdata-forminator-render=\"0\"\n\t\t\t\tdata-form-id=\"6402\"\n\t\t\t\t data-color-option=\"default\" data-design=\"flat\" data-grid=\"open\" style=\"display: none;\"\n\t\t\t\tdata-uid=\"69e1a7a397421\"\n\t\t\t><div role=\"alert\" aria-live=\"polite\" class=\"forminator-response-message forminator-error\" aria-hidden=\"true\"><\/div><div class=\"forminator-row\"><div id=\"name-1\" class=\"forminator-field-name forminator-col forminator-col-12 \"><div class=\"forminator-field\"><label for=\"forminator-field-name-1_69e1a7a397421\" id=\"forminator-field-name-1_69e1a7a397421-label\" class=\"forminator-label\">Nombres <span class=\"forminator-required\">*<\/span><\/label><input type=\"text\" name=\"name-1\" value=\"\" placeholder=\"\" id=\"forminator-field-name-1_69e1a7a397421\" class=\"forminator-input forminator-name--field\" aria-required=\"true\" autocomplete=\"name\" \/><\/div><\/div><\/div><div class=\"forminator-row\"><div id=\"email-1\" class=\"forminator-field-email forminator-col forminator-col-6 \"><div class=\"forminator-field\"><label for=\"forminator-field-email-1_69e1a7a397421\" id=\"forminator-field-email-1_69e1a7a397421-label\" class=\"forminator-label\">E-mail <span class=\"forminator-required\">*<\/span><\/label><input type=\"email\" name=\"email-1\" value=\"\" placeholder=\"\" id=\"forminator-field-email-1_69e1a7a397421\" class=\"forminator-input forminator-email--field\" data-required=\"true\" aria-required=\"true\" autocomplete=\"email\" \/><\/div><\/div><div id=\"phone-1\" class=\"forminator-field-phone forminator-col forminator-col-6 \"><div class=\"forminator-field\"><label for=\"forminator-field-phone-1_69e1a7a397421\" id=\"forminator-field-phone-1_69e1a7a397421-label\" class=\"forminator-label\">Celular<\/label><input type=\"text\" name=\"phone-1\" value=\"\" placeholder=\"\" id=\"forminator-field-phone-1_69e1a7a397421\" class=\"forminator-input forminator-field--phone\" data-required=\"\" aria-required=\"false\" autocomplete=\"off\" \/><\/div><\/div><\/div><div class=\"forminator-row\"><div id=\"textarea-1\" class=\"forminator-field-textarea forminator-col forminator-col-12 \"><div class=\"forminator-field\"><label for=\"forminator-field-textarea-1_69e1a7a397421\" id=\"forminator-field-textarea-1_69e1a7a397421-label\" class=\"forminator-label\">Mensaje<\/label><span id=\"forminator-field-textarea-1_69e1a7a397421-description\" class=\"forminator-description\"><span data-limit=\"180\" data-type=\"characters\" data-editor=\"\">0 \/ 180<\/span><\/span><textarea name=\"textarea-1\" placeholder=\"\" id=\"forminator-field-textarea-1_69e1a7a397421\" class=\"forminator-textarea\" rows=\"6\" style=\"min-height:140px;\" maxlength=\"180\" ><\/textarea><\/div><\/div><\/div><input type=\"hidden\" name=\"referer_url\" value=\"\" \/><div class=\"forminator-row forminator-row-last\"><div class=\"forminator-col\"><div class=\"forminator-field\"><button class=\"forminator-button forminator-button-submit\">Enviar Mensaje<\/button><\/div><\/div><\/div><input type=\"hidden\" id=\"forminator_nonce\" name=\"forminator_nonce\" value=\"9b54d37e60\" \/><input type=\"hidden\" name=\"_wp_http_referer\" value=\"\/inmobiliaria\/wp-json\/wp\/v2\/pages\/1349\" \/><input type=\"hidden\" name=\"form_id\" value=\"6402\"><input type=\"hidden\" name=\"page_id\" value=\"1349\"><input type=\"hidden\" name=\"form_type\" value=\"default\"><input type=\"hidden\" name=\"current_url\" value=\"https:\/\/cornejoasociados.com\/inmobiliaria\/contactenos\/\"><input type=\"hidden\" name=\"render_id\" value=\"0\"><input type=\"hidden\" name=\"action\" value=\"forminator_submit_form_custom-forms\"><\/form><\/div>\n<\/div>\n<\/div>\n<\/div>\n<\/div>\n<\/div>\n<\/div>\n<\/div>\n<\/div>\n<\/section>\n<section id=\"rnovdgzaummifennwzsjcftlcydjedhpysrx_rnovdgzaummifennwzsjcftlcydjedhpysrx\" class=\"brz-section brz-css-d-section brz-css-12nyeux\">\n<div class=\"brz-section__content brz-section--boxed brz-css-d-sectionitem-bg brz-css-1inkixa\" data-brz-custom-id=\"wuglirrfleljhvgqaeczlclshsyqypmuygnd\">\n<div class=\"brz-container brz-css-d-sectionitem-container brz-css-1pfhctt\">\n<div class=\"brz-row__container brz-css-d-row-row brz-css-zly4ly\" data-brz-custom-id=\"dyryyrvsbssbjllkepqemrkskedcjnnscoiv\">\n<div class=\"brz-row brz-css-d-row-container brz-css-r-row-container brz-css-7k80u3\">\n<div class=\"brz-columns brz-css-d-column-column brz-css-hlw5xi\" data-brz-custom-id=\"gnwvsivncazhodbgkksnoxkcbsbnceqjhvbc\">\n<div class=\"brz-bg\">\n<div class=\"brz-bg-color\"><\/div>\n<\/div>\n<div class=\"brz-column__items brz-css-d-column-bg brz-css-cchlci\">\n<div class=\"brz-wrapper-clone brz-flex-xs-wrap brz-css-d-cloneable brz-css-e6v8fd\" data-brz-custom-id=\"rvxgoxamiwtyjvwxlnsxtddvmpwnsfxkicmk\">\n<div class=\"brz-icon__container\" data-brz-custom-id=\"unpxmznkcwxidolfqdcrkkpuwuqqjxtfyczh\"><span class=\"brz-icon brz-span brz-css-d-icon-icon brz-css-3246i8\"><\/span><\/div>\n<\/div>\n<div id=\"\" class=\"brz-css-d-wrapper brz-css-102sz27 brz-wrapper\">\n<div class=\"brz-rich-text brz-rich-text__custom brz-css-d-richtext brz-css-gjzyui\" data-brz-custom-id=\"dqbsvjgwnqdhdpiuggqznxzzpssqfrtradaa\">\n<div data-brz-translate-text=\"1\">\n<p class=\"brz-text-lg-center brz-tp-lg-heading5 brz-css-wavYE\" data-generated-css=\"brz-css-kmwzk\" data-uniq-id=\"oqrqq\"><strong class=\"brz-cp-color3\">Direcci\u00f3n<\/strong><\/p>\n<\/div>\n<\/div>\n<\/div>\n<div id=\"\" class=\"brz-css-d-wrapper brz-css-cb39pl brz-wrapper\">\n<div class=\"brz-rich-text brz-rich-text__custom brz-css-d-richtext brz-css-alnugx\" data-brz-custom-id=\"ijfjnyqxwwpipfjaugayjfhvleqzyobvzqbn\">\n<div data-brz-translate-text=\"1\">\n<p class=\"brz-tp-lg-paragraph brz-text-lg-center brz-css-s_YGl\" data-generated-css=\"brz-css-aqznl\" data-uniq-id=\"xescz\"><span class=\"brz-cp-color7\">Nicol\u00e1s de Pi\u00e9rola 140 &#8211; 1201, Urbanizaci\u00f3n Miramar, San Miguel<\/span><\/p>\n<\/div>\n<\/div>\n<\/div>\n<\/div>\n<\/div>\n<div class=\"brz-columns brz-css-d-column-column brz-css-e1dk65\" data-brz-custom-id=\"pqwhcokxfcwwpdqtlcjfjzfyrzibfhqvghov\">\n<div class=\"brz-bg\">\n<div class=\"brz-bg-color\"><\/div>\n<\/div>\n<div class=\"brz-column__items brz-css-d-column-bg brz-css-9u71de\">\n<div class=\"brz-wrapper-clone brz-flex-xs-wrap brz-css-d-cloneable brz-css-o92bzg\" data-brz-custom-id=\"dqbstegtvtclscqaqmefedpekrepxbsfgajj\">\n<div class=\"brz-icon__container\" data-brz-custom-id=\"glqkbcyycanlzeduvjmghatngldbsvxscupb\"><span class=\"brz-icon brz-span brz-css-d-icon-icon brz-css-bw4z72\"><\/span><\/div>\n<\/div>\n<div id=\"\" class=\"brz-css-d-wrapper brz-css-6x3hf brz-wrapper\">\n<div class=\"brz-rich-text brz-rich-text__custom brz-css-d-richtext brz-css-e755gk\" data-brz-custom-id=\"hzegutmzwwyrlxgooutijeskqlhmiedobelt\">\n<div data-brz-translate-text=\"1\">\n<p class=\"brz-tp-lg-heading5 brz-text-lg-center brz-css-iFPrm\" data-generated-css=\"brz-css-olzcf\" data-uniq-id=\"ehgwb\"><strong class=\"brz-cp-color3\">Horarios<\/strong><\/p>\n<\/div>\n<\/div>\n<\/div>\n<div id=\"\" class=\"brz-css-d-wrapper brz-css-1hjbzz3 brz-wrapper\">\n<div class=\"brz-rich-text brz-rich-text__custom brz-css-d-richtext brz-css-1a1clj3\" data-brz-custom-id=\"ivhlpclsvxjwlvdbeldhqkrvzmudrhazoyjz\">\n<div data-brz-translate-text=\"1\">\n<p class=\"brz-tp-lg-paragraph brz-text-lg-center brz-css-ii4nx\" data-generated-css=\"brz-css-mYZWw\" data-uniq-id=\"pP1GM\"><span class=\"brz-cp-color7\">Lunes a Viernes: 8am \u2013 7pm S\u00e1bado: 8am \u2013 1pm <\/span><\/p>\n<\/div>\n<\/div>\n<\/div>\n<\/div>\n<\/div>\n<div class=\"brz-columns brz-css-d-column-column brz-css-1y21pyl\" data-brz-custom-id=\"rafgdoxwpvgyvqsxuarlndmmcpwmlognfbwy\">\n<div class=\"brz-bg\">\n<div class=\"brz-bg-color\"><\/div>\n<\/div>\n<div class=\"brz-column__items brz-css-d-column-bg brz-css-1mrhctr\">\n<div class=\"brz-wrapper-clone brz-flex-xs-wrap brz-css-d-cloneable brz-css-1926gx4\" data-brz-custom-id=\"ucioyvnriruphfgayizzgepkqizxmuijvksp\">\n<div class=\"brz-icon__container\" data-brz-custom-id=\"xueemyskyzwfhokvfkoucbnzvedbvkxhhwmx\"><span class=\"brz-icon brz-span brz-css-d-icon-icon brz-css-5bclc0\"><\/span><\/div>\n<\/div>\n<div id=\"\" class=\"brz-css-d-wrapper brz-css-e046vq brz-wrapper\">\n<div class=\"brz-rich-text brz-rich-text__custom brz-css-d-richtext brz-css-ng44fj\" data-brz-custom-id=\"gpffppldsqpzabraisicyctkbuvzirfefeyz\">\n<div data-brz-translate-text=\"1\">\n<p class=\"brz-tp-lg-heading5 brz-text-lg-center brz-css-dGOep\" data-generated-css=\"brz-css-wtjdt\" data-uniq-id=\"xgdrz\"><strong class=\"brz-cp-color3\">Email<\/strong><\/p>\n<\/div>\n<\/div>\n<\/div>\n<div id=\"\" class=\"brz-css-d-wrapper brz-css-1lcfsp6 brz-wrapper\">\n<div class=\"brz-rich-text brz-rich-text__custom brz-css-d-richtext brz-css-yx1jmw\" data-brz-custom-id=\"zogoquzoxkteptywvllgntlouhkfcqrijljr\">\n<div data-brz-translate-text=\"1\">\n<p class=\"brz-text-lg-center brz-tp-lg-paragraph brz-css-kcg9p\" data-uniq-id=\"t4Wu9\" data-generated-css=\"brz-css-vGnRv\"><span class=\"brz-cp-color7\">inmobiliaria@cornejoasociados.com<\/span><\/p>\n<\/div>\n<\/div>\n<\/div>\n<\/div>\n<\/div>\n<div class=\"brz-columns brz-css-d-column-column brz-css-1iromqr\" data-brz-custom-id=\"zgjyptczsolypxnfydwxlkhzaqbkkeoktftt\">\n<div class=\"brz-bg\">\n<div class=\"brz-bg-color\"><\/div>\n<\/div>\n<div class=\"brz-column__items brz-css-d-column-bg brz-css-1jzo3c8\">\n<div class=\"brz-wrapper-clone brz-flex-xs-wrap brz-css-d-cloneable brz-css-zq1i0l\" data-brz-custom-id=\"jetjwvsdxpyvieiqizubdzxbmnsdwoyshaea\">\n<div class=\"brz-icon__container\" data-brz-custom-id=\"sximqhjhlvuxzwxxjjzybuiepbsrdnwiaxvp\"><span class=\"brz-icon brz-span brz-css-d-icon-icon brz-css-329wjn\"><\/span><\/div>\n<\/div>\n<div id=\"\" class=\"brz-css-d-wrapper brz-css-1dmtcyz brz-wrapper\">\n<div class=\"brz-rich-text brz-rich-text__custom brz-css-d-richtext brz-css-lariky\" data-brz-custom-id=\"vujpepxnhctafopgozkftztgdtlzupzjrkdf\">\n<div data-brz-translate-text=\"1\">\n<p class=\"brz-tp-lg-heading5 brz-text-lg-center brz-css-gprN7\" data-generated-css=\"brz-css-ekexq\" data-uniq-id=\"vxzzv\"><strong class=\"brz-cp-color3\">Celulares<\/strong><\/p>\n<\/div>\n<\/div>\n<\/div>\n<div id=\"\" class=\"brz-css-d-wrapper brz-css-lr8zz8 brz-wrapper\">\n<div class=\"brz-rich-text brz-rich-text__custom brz-css-d-richtext brz-css-eb4mle\" data-brz-custom-id=\"bhgkxjvjpeuusyzpwxingeelhfrsxtkpmgtv\">\n<div data-brz-translate-text=\"1\">\n<p class=\"brz-text-lg-center brz-tp-lg-paragraph brz-css-jwO47\" data-uniq-id=\"phkv_\" data-generated-css=\"brz-css-n45H2\"><span class=\"brz-cp-color7\">+51 993 618 842<\/span><\/p>\n<p class=\"brz-text-lg-center brz-tp-lg-paragraph brz-css-wdNHA\" data-uniq-id=\"foIad\" data-generated-css=\"brz-css-tBsZZ\"><span class=\"brz-cp-color7\">+51 982 183 351 <\/span><\/p>\n<\/div>\n<\/div>\n<\/div>\n<\/div>\n<\/div>\n<\/div>\n<\/div>\n<\/div>\n<\/div>\n<\/section><\/div>\n<p><!-- version:1771337408 --><\/p>\n","protected":false},"excerpt":{"rendered":"<p>CONT\u00c1CTENOS Para mayor informaci\u00f3n acerca de nuestros servicios, no dude en comunicarse con nosotros. Direcci\u00f3n Nicol\u00e1s de Pi\u00e9rola 140 &#8211; 1201, Urbanizaci\u00f3n Miramar, San Miguel Horarios Lunes a Viernes: 8am \u2013 7pm S\u00e1bado: 8am \u2013 1pm Email inmobiliaria@cornejoasociados.com Celulares +51 993 618 842 +51 982 183 351<\/p>\n","protected":false},"author":1,"featured_media":0,"parent":0,"menu_order":0,"comment_status":"closed","ping_status":"closed","template":"","meta":{"footnotes":""},"class_list":["post-1349","page","type-page","status-publish","hentry"],"blocksy_meta":{"page_title_panel":"","has_hero_section":"disabled","0d6887bc30f7d6a9eb1ced02516bb0e9":"","hero_section":"type-1","hero_elements":[{"id":"custom_title","enabled":true,"heading_tag":"h1","title":"Home"},{"id":"custom_description","enabled":true,"description_visibility":{"desktop":true,"tablet":true,"mobile":false}},{"id":"custom_meta","enabled":false,"meta_elements":[{"id":"author","enabled":true,"label":"By","has_author_avatar":"yes","avatar_size":25},{"id":"post_date","enabled":true,"label":"On","date_format_source":"default","date_format":"M j, Y"},{"id":"comments","enabled":true}],"page_meta_elements":{"joined":true,"articles_count":true,"comments":true}},{"id":"breadcrumbs","enabled":false}],"e77773c76432a871deb0e9dddb2bf2ec":"","hero_alignment1":"left","hero_alignment2":"center","hero_vertical_alignment":"center","9ffb30d581f71b523a4ebc214f903e7b":"","hero_structure":"narrow","3ae8d94334920ac778c3f25d18c4f8c9":"","page_title_bg_type":"featured_image","custom_hero_background":{"attachment_id":null},"parallax":{"desktop":false,"tablet":false,"mobile":false},"9b6fd6fabdcc79ae7d853765a9e093b9":"","hero_height":"250px","pageTitleFont":{"family":"Default","variation":"Default","size":{"desktop":"32px","tablet":"30px","mobile":"25px"},"line-height":"CT_CSS_SKIP_RULE","letter-spacing":"CT_CSS_SKIP_RULE","text-transform":"CT_CSS_SKIP_RULE","text-decoration":"CT_CSS_SKIP_RULE"},"pageTitleFontColor":{"default":{"color":"CT_CSS_SKIP_RULEDEFAULT"}},"pageMetaFont":{"family":"Default","variation":"n6","size":{"desktop":"12px","tablet":"12px","mobile":"12px"},"line-height":"1.3","letter-spacing":"CT_CSS_SKIP_RULE","text-transform":"uppercase","text-decoration":"CT_CSS_SKIP_RULE"},"pageMetaFontColor":{"default":{"color":"CT_CSS_SKIP_RULEDEFAULT"},"hover":{"color":"CT_CSS_SKIP_RULEDEFAULT"}},"pageExcerptFont":{"family":"Default","variation":"Default","size":"CT_CSS_SKIP_RULE","line-height":"CT_CSS_SKIP_RULE","letter-spacing":"CT_CSS_SKIP_RULE","text-transform":"CT_CSS_SKIP_RULE","text-decoration":"CT_CSS_SKIP_RULE"},"pageExcerptColor":{"default":{"color":"CT_CSS_SKIP_RULEDEFAULT"}},"breadcrumbsFont":{"family":"Default","variation":"n6","size":"12px","line-height":"CT_CSS_SKIP_RULE","letter-spacing":"CT_CSS_SKIP_RULE","text-transform":"uppercase","text-decoration":"CT_CSS_SKIP_RULE"},"breadcrumbsFontColor":{"default":{"color":"CT_CSS_SKIP_RULEDEFAULT"},"initial":{"color":"CT_CSS_SKIP_RULEDEFAULT"},"hover":{"color":"CT_CSS_SKIP_RULEDEFAULT"}},"pageTitleOverlay":{"default":{"color":"rgba(41, 51, 60, 0.2)"}},"pageTitleBackground":{"background_type":"color","background_pattern":"type-1","background_image":{"attachment_id":null,"x":0,"y":0},"background_repeat":"no-repeat","background_size":"auto","background_attachment":"scroll","patternColor":{"default":{"color":"#e5e7ea"}},"backgroundColor":{"default":{"color":"#EDEFF2"}}},"e11b4cf2b73d1a601f6fe7d4864accda":"","page_structure_type":"default","content_style":"inherit","vertical_spacing_source":"custom","content_area_spacing":"none","background":{"background_type":"color","background_pattern":"type-1","background_image":{"attachment_id":null,"x":0,"y":0},"background_repeat":"no-repeat","background_size":"auto","background_attachment":"scroll","patternColor":{"default":{"color":"#e5e7ea"}},"backgroundColor":{"default":{"color":"CT_CSS_SKIP_RULE"}}},"content_background":{"background_type":"color","background_pattern":"type-1","background_image":{"attachment_id":null,"x":0,"y":0},"background_repeat":"no-repeat","background_size":"auto","background_attachment":"scroll","patternColor":{"default":{"color":"#e5e7ea"}},"backgroundColor":{"default":{"color":"#ffffff"}}},"content_boxed_spacing":{"desktop":"40px","tablet":"35px","mobile":"20px"},"content_boxed_radius":{"top":"3px","bottom":"3px","left":"3px","right":"3px","linked":true},"content_boxed_shadow":{"blur":18,"spread":-6,"v_offset":12,"h_offset":0,"inset":false,"enable":true,"color":{"color":"rgba(34, 56, 101, 0.04)"}},"f31f7d13efb659f5c21532d69560b54d":"","disable_featured_image":"no","disable_header":"no","disable_footer":"no","styles_descriptor":{"styles":{"desktop":"","tablet":"","mobile":""},"google_fonts":[],"version":6}},"brizy_media":[{"id":287,"url":"https:\/\/cornejoasociados.com\/inmobiliaria\/wp-content\/uploads\/2020\/08\/nadine-shaabana-DrPcfuaeYFQ-unsplash.jpg","name":"nadine-shaabana-DrPcfuaeYFQ-unsplash.jpg","meta":{"brizy_attachment_uid":"wp-1f355f5decbeec892082d10c22024924.jpg","brizy_post_uid":["1ca60c0df99d4c60df646828231934f9"]}},{"id":289,"url":"https:\/\/cornejoasociados.com\/inmobiliaria\/wp-content\/uploads\/2020\/08\/laura-chouette-14u6sJ6KiyI-unsplash.jpg","name":"laura-chouette-14u6sJ6KiyI-unsplash.jpg","meta":{"brizy_attachment_uid":"wp-18efab12f9793b5547d14a86b03ab936.jpg","brizy_post_uid":["1ca60c0df99d4c60df646828231934f9"]}},{"id":290,"url":"https:\/\/cornejoasociados.com\/inmobiliaria\/wp-content\/uploads\/2020\/08\/heidi-kaden-xWZa0GYCMbo-unsplash.jpg","name":"heidi-kaden-xWZa0GYCMbo-unsplash.jpg","meta":{"brizy_attachment_uid":"wp-6860a48cfe22f8edaccbdbbd68dfd20f.jpg","brizy_post_uid":["1ca60c0df99d4c60df646828231934f9"]}},{"id":1745,"url":"https:\/\/cornejoasociados.com\/inmobiliaria\/wp-content\/uploads\/2022\/11\/contactenos.jpg","name":"contactenos.jpg","meta":{"brizy_attachment_uid":"wp-b8f2fe586015f9241d4d5f74d8abe586.jpg","brizy_post_uid":["1ca60c0df99d4c60df646828231934f9"]}}],"_links":{"self":[{"href":"https:\/\/cornejoasociados.com\/inmobiliaria\/wp-json\/wp\/v2\/pages\/1349","targetHints":{"allow":["GET"]}}],"collection":[{"href":"https:\/\/cornejoasociados.com\/inmobiliaria\/wp-json\/wp\/v2\/pages"}],"about":[{"href":"https:\/\/cornejoasociados.com\/inmobiliaria\/wp-json\/wp\/v2\/types\/page"}],"author":[{"embeddable":true,"href":"https:\/\/cornejoasociados.com\/inmobiliaria\/wp-json\/wp\/v2\/users\/1"}],"replies":[{"embeddable":true,"href":"https:\/\/cornejoasociados.com\/inmobiliaria\/wp-json\/wp\/v2\/comments?post=1349"}],"version-history":[{"count":25,"href":"https:\/\/cornejoasociados.com\/inmobiliaria\/wp-json\/wp\/v2\/pages\/1349\/revisions"}],"predecessor-version":[{"id":6476,"href":"https:\/\/cornejoasociados.com\/inmobiliaria\/wp-json\/wp\/v2\/pages\/1349\/revisions\/6476"}],"wp:attachment":[{"href":"https:\/\/cornejoasociados.com\/inmobiliaria\/wp-json\/wp\/v2\/media?parent=1349"}],"curies":[{"name":"wp","href":"https:\/\/api.w.org\/{rel}","templated":true}]}}