{"id":1085,"date":"2020-08-19T10:44:04","date_gmt":"2020-08-19T10:44:04","guid":{"rendered":"https:\/\/demo.creativethemes.com\/brizy\/business\/?page_id=1085"},"modified":"2026-04-08T03:43:47","modified_gmt":"2026-04-08T08:43:47","slug":"quienes-somos","status":"publish","type":"page","link":"https:\/\/cornejoasociados.com\/inmobiliaria\/quienes-somos\/","title":{"rendered":"QUIENES SOMOS"},"content":{"rendered":"<div class=\"brz brz-root__container brz-reset-all brz-root__container-page\">\n<section id=\"7b0efe0476d65a1c0e8f_qnnwgfhfghfqvhkmvhbxxirljqapjsuuqztm\" class=\"brz-section brz-css-b33l8o brz-css-oe5j3v\">\n<div class=\"brz-section__content brz-section--boxed brz-css-18iaonr brz-css-1eef28p\" data-brz-custom-id=\"xdwynmvieadnooickbmcowknfhfgewcrsqwa\">\n<div class=\"brz-bg\">\n<div class=\"brz-bg-image\"><\/div>\n<div class=\"brz-bg-color\"><\/div>\n<\/div>\n<div class=\"brz-container brz-css-ms8qy3 brz-css-evc85q\">\n<div class=\"brz-row__container brz-css-1kxe18p brz-css-9wzryf\" data-brz-custom-id=\"ekprgzlbywllernnrcqzvsmbcblipwyljcek\">\n<div class=\"brz-row brz-css-w63liw brz-css-fql72f brz-css-1qe1bqw\">\n<div class=\"brz-columns brz-css-1bckidh brz-css-12gjfs4\" data-brz-custom-id=\"tabvcrcqusamjfsphfbohxcjuaepedguafja\">\n<div class=\"brz-column__items brz-css-x9rukt brz-css-170qvh2\">\n<div id=\"\" class=\"brz-css-cpa2of brz-css-u23f3x brz-wrapper\">\n<div class=\"brz-rich-text brz-rich-text__custom brz-css-1w0t6rv brz-css-1o4bncx\" data-brz-custom-id=\"junhsorkawxpzfbgrrxzhbssvcjjxuutjyfd\">\n<div data-brz-translate-text=\"1\">\n<h1 data-generated-css=\"brz-css-iykfo\" data-uniq-id=\"vtgdz\" class=\"brz-fs-xs-30 brz-tp-lg-heading1 brz-text-xs-left brz-css-tdFYI\"><span class=\"brz-cp-color8\">QUIENES SOMOS<\/span><\/h1>\n<\/div>\n<\/div>\n<\/div>\n<\/div>\n<\/div>\n<div class=\"brz-columns brz-css-1bckidh brz-css-11hxf8i\" data-brz-custom-id=\"kiuozubzwgtcvrfwmhlwulcjcuikwhabyxsg\">\n<div class=\"brz-column__items brz-css-x9rukt brz-css-dx6eo9\">\n<div id=\"\" class=\"brz-css-cpa2of brz-css-1ast5d1 brz-css-a2v0n1 brz-wrapper\">\n<div class=\"brz-spacer brz-css-1lnzzp0 brz-css-1nrydnh\"><\/div>\n<\/div>\n<\/div>\n<\/div>\n<\/div>\n<\/div>\n<\/div>\n<\/div>\n<\/section>\n<section id=\"757b185d310d3e207737_cwsyixfuvhnmdboolkhutqzdfwubfpuwqbkv\" class=\"brz-section brz-css-4a6q24 brz-css-qlprsu\">\n<div class=\"brz-section__content brz-section--boxed brz-css-16sc7sp brz-css-19dbc47\" data-brz-custom-id=\"zddodggvnvstnmkzfcfgiczujvsntcvpjnpv\">\n<div class=\"brz-container brz-css-9uq5tn brz-css-s9n844\">\n<div class=\"brz-row__container brz-css-12hdkve brz-css-c6i6pz\" data-brz-custom-id=\"fjcahwvvphxlmqouarojebjngqiribljgjhf\">\n<div class=\"brz-row brz-css-1jgt5cm brz-css-tejxlk brz-css-1eqehdn\">\n<div class=\"brz-columns brz-css-pc5d8q brz-css-pnp9lq\" data-brz-custom-id=\"vozxknerlopakafgkjzhftlvtqsvrqadsndn\">\n<div class=\"brz-column__items brz-css-9w6g30 brz-css-2vyh9t\">\n<div id=\"\" class=\"brz-css-1etmgk7 brz-css-ej68f9 brz-wrapper\">\n<div class=\"brz-image brz-css-xqyn1d brz-css-1ofo8ww\" data-brz-custom-id=\"bkpcjvimgzpcfwbsorhjwdkdzgjykvokiisa\"><img decoding=\"async\" class=\"brz-img\" src=\"https:\/\/cornejoasociados.com\/inmobiliaria\/?brizy_media=wp-7865013dfd0e3d6c70a56315b7d11f90.jpg&amp;brizy_crop=iW%3D590%26iH%3D332%26oX%3D93%26oY%3D0%26cW%3D404%26cH%3D332\" alt=\"\" title=\"slider02\" loading=\"lazy\"><\/div>\n<\/div>\n<\/div>\n<\/div>\n<div class=\"brz-columns brz-css-pc5d8q brz-css-1d56yst\" data-brz-custom-id=\"chtwehkwaidxinzqgnlgreuenkvwgbgfabeg\">\n<div class=\"brz-column__items brz-css-9w6g30 brz-css-10y0zd8\">\n<div id=\"\" class=\"brz-css-1etmgk7 brz-css-1uvr1rj brz-wrapper\">\n<div class=\"brz-rich-text brz-rich-text__custom brz-css-23ha5r brz-css-e8b4my\" data-brz-custom-id=\"ifteolcrbpttgbtndlxxnsrmyjsgklallzki\">\n<div data-brz-translate-text=\"1\">\n<h2 class=\"brz-tp-lg-heading2 brz-text-xs-center brz-css-jIugE\" data-generated-css=\"brz-css-agcjf\" data-uniq-id=\"yqbww\">NOSOTROS<\/h2>\n<\/div>\n<\/div>\n<\/div>\n<div id=\"\" class=\"brz-css-1etmgk7 brz-css-1ub43s7 brz-wrapper\">\n<div class=\"brz-line brz-line-default brz-css-12005vw brz-css-126q22x\" data-brz-custom-id=\"akljkchiwixiduuhfzuwxwraaxwrlqstjsqa\">\n<hr class=\"brz-hr\"><\/div>\n<\/div>\n<div class=\"brz-row__container brz-css-12hdkve brz-css-1vm4el3\" data-brz-custom-id=\"jstrqjqddzmmfvkmuuzikdbdbtqbjimrjljk\">\n<div class=\"brz-row brz-row--inner brz-css-1jgt5cm brz-css-tejxlk brz-css-107zbrm\">\n<div class=\"brz-columns brz-css-pc5d8q brz-css-8ubvnt\" data-brz-custom-id=\"yexkvcaykgykwgeqnnzzfggmqxgtcbulzwga\">\n<div class=\"brz-column__items brz-css-9w6g30 brz-css-dbu794\">\n<div id=\"\" class=\"brz-css-1etmgk7 brz-css-1kwkabc brz-wrapper\">\n<div class=\"brz-rich-text brz-rich-text__custom brz-css-23ha5r brz-css-13do4yv\" data-brz-custom-id=\"laosqstwiagvouddbduhlarsgtfcnokcmeww\">\n<div data-brz-translate-text=\"1\">\n<p class=\"brz-text-xs-justify brz-text-lg-justify brz-tp-lg-paragraph brz-css-azHnu\" data-uniq-id=\"vI3UR\" data-generated-css=\"brz-css-u66aC\"><span class=\"brz-cp-color7\">Somos una empresa joven que en poco tiempo ha logrado satisfacer de manera \u00f3ptima los requerimientos de nuestros clientes, caracteriz\u00e1ndonos en la eficiencia y celeridad, adem\u00e1s; de brindar un servicio profesional personalizado para: <\/span><\/p>\n<\/div>\n<\/div>\n<\/div>\n<div id=\"\" class=\"brz-css-1etmgk7 brz-css-9piss3 brz-wrapper\">\n<div class=\"brz-icon-text brz-css-cleoe4 brz-css-1wynivj\" data-brz-custom-id=\"oTYdWIsq4wV3\">\n<div class=\"brz-icon__container\" data-brz-custom-id=\"fVgEN1orbFRJ\"><span class=\"brz-icon brz-span brz-css-1ohu1nd brz-css-p47z9w\"><\/span><\/div>\n<div class=\"brz-text-btn\">\n<div class=\"brz-rich-text brz-rich-text__custom brz-css-23ha5r brz-css-113thr9\" data-brz-custom-id=\"f7QLA05ViJbB\">\n<div data-brz-translate-text=\"1\">\n<p class=\"brz-tp-lg-paragraph brz-mt-lg-3 brz-css-wSFUF\" data-generated-css=\"brz-css-nT4c3\" data-uniq-id=\"mCZFP\"><span class=\"brz-cp-color7\">Saneamiento de predios.<\/span><\/p>\n<\/div>\n<\/div>\n<\/div>\n<\/div>\n<\/div>\n<div id=\"\" class=\"brz-css-1etmgk7 brz-css-ccy6hw brz-wrapper\">\n<div class=\"brz-icon-text brz-css-cleoe4 brz-css-tdc27\" data-brz-custom-id=\"kq7ziLAFssir\">\n<div class=\"brz-icon__container\" data-brz-custom-id=\"ckEY9AwGy3Sm\"><span class=\"brz-icon brz-span brz-css-1ohu1nd brz-css-1hf2ow3\"><\/span><\/div>\n<div class=\"brz-text-btn\">\n<div class=\"brz-rich-text brz-rich-text__custom brz-css-23ha5r brz-css-4zzg32\" data-brz-custom-id=\"v6gLN7yM05EP\">\n<div data-brz-translate-text=\"1\">\n<p class=\"brz-tp-lg-paragraph brz-mt-lg-3 brz-css-jTuSm\" data-generated-css=\"brz-css-uroXf\" data-uniq-id=\"rMFW5\"><span class=\"brz-cp-color7\">\ufe0eAlquiler de propiedades.<\/span><\/p>\n<\/div>\n<\/div>\n<\/div>\n<\/div>\n<\/div>\n<div id=\"\" class=\"brz-css-1etmgk7 brz-css-xavv7h brz-wrapper\">\n<div class=\"brz-icon-text brz-css-cleoe4 brz-css-1r0kahu\" data-brz-custom-id=\"oKWaTMvLgclf\">\n<div class=\"brz-icon__container\" data-brz-custom-id=\"sh3TVtaZ1kA9\"><span class=\"brz-icon brz-span brz-css-1ohu1nd brz-css-1n35e9y\"><\/span><\/div>\n<div class=\"brz-text-btn\">\n<div class=\"brz-rich-text brz-rich-text__custom brz-css-23ha5r brz-css-egs3p4\" data-brz-custom-id=\"lKFPxzWiyCv0\">\n<div data-brz-translate-text=\"1\">\n<p class=\"brz-tp-lg-paragraph brz-mt-lg-3 brz-css-oqVQM\" data-generated-css=\"brz-css-cjx8b\" data-uniq-id=\"apXcu\"><span class=\"brz-cp-color7\">Personal Shopper.<\/span><\/p>\n<\/div>\n<\/div>\n<\/div>\n<\/div>\n<\/div>\n<div id=\"\" class=\"brz-css-1etmgk7 brz-css-12whdlm brz-wrapper\">\n<div class=\"brz-icon-text brz-css-cleoe4 brz-css-1s63efm\" data-brz-custom-id=\"uA9gHYIXkRsm\">\n<div class=\"brz-icon__container\" data-brz-custom-id=\"vjFqjlHFogPP\"><span class=\"brz-icon brz-span brz-css-1ohu1nd brz-css-tujtt6\"><\/span><\/div>\n<div class=\"brz-text-btn\">\n<div class=\"brz-rich-text brz-rich-text__custom brz-css-23ha5r brz-css-pyhn3q\" data-brz-custom-id=\"xWke1jaHvfxQ\">\n<div data-brz-translate-text=\"1\">\n<p class=\"brz-tp-lg-paragraph brz-mt-lg-3 brz-css-r15Lw\" data-generated-css=\"brz-css-s6PpJ\" data-uniq-id=\"x50tr\"><span class=\"brz-cp-color7\">\ufe0eCompra-venta  de propiedades.<\/span><\/p>\n<\/div>\n<\/div>\n<\/div>\n<\/div>\n<\/div>\n<div id=\"\" class=\"brz-css-1etmgk7 brz-css-1hweyrt brz-wrapper\">\n<div class=\"brz-rich-text brz-rich-text__custom brz-css-23ha5r brz-css-1p0sk8k\" data-brz-custom-id=\"zgfVTxyWfddd\">\n<div data-brz-translate-text=\"1\">\n<p class=\"brz-tp-lg-paragraph brz-text-lg-justify brz-text-xs-justify brz-css-mJDA9\" data-generated-css=\"brz-css-qcRLt\" data-uniq-id=\"pvykA\"><span class=\"brz-cp-color7\">Contamos con Asesores Inmobiliarios altamente calificados, un \u00e1rea de asesor\u00eda legal, quien se encargar\u00e1 de la valoraci\u00f3n del t\u00edtulo a detalle para que el predio pueda estar saneado y se pueda se vendido en el m\u00e1s corto tiempo, al tratarse de una venta.<\/span><\/p>\n<p class=\"brz-tp-lg-paragraph brz-text-lg-justify brz-text-xs-justify brz-css-g1jpT\" data-generated-css=\"brz-css-qcRLt\" data-uniq-id=\"pvykA\"><span class=\"brz-cp-color7\">Adicionalmente, nuestra \u00e1rea legal nos acompa\u00f1a en todos los procesos desde la valoraci\u00f3n hasta la redacci\u00f3n de documentos como son los contratos, minutas, arras, entre otros, brind\u00e1ndonos as\u00ed una asesor\u00eda integral de principio a fin.<\/span><\/p>\n<\/div>\n<\/div>\n<\/div>\n<\/div>\n<\/div>\n<\/div>\n<\/div>\n<\/div>\n<\/div>\n<\/div>\n<\/div>\n<\/div>\n<\/div>\n<\/section><\/div>\n<p><!-- version:1754322306 --><\/p>\n","protected":false},"excerpt":{"rendered":"<p>QUIENES SOMOS NOSOTROS Somos una empresa joven que en poco tiempo ha logrado satisfacer de manera \u00f3ptima los requerimientos de nuestros clientes, caracteriz\u00e1ndonos en la eficiencia y celeridad, adem\u00e1s; de brindar un servicio profesional personalizado para: Saneamiento de predios. \ufe0eAlquiler de propiedades. Personal Shopper. \ufe0eCompra-venta de propiedades. Contamos con Asesores Inmobiliarios altamente calificados, un \u00e1rea [&hellip;]<\/p>\n","protected":false},"author":1,"featured_media":0,"parent":0,"menu_order":0,"comment_status":"closed","ping_status":"closed","template":"","meta":{"footnotes":""},"class_list":["post-1085","page","type-page","status-publish","hentry"],"blocksy_meta":{"page_title_panel":"","has_hero_section":"disabled","5c2b5463970accc0befbedc4dd7d5ca6":"","hero_section":"type-1","hero_elements":[{"id":"custom_title","enabled":true,"heading_tag":"h1","title":"Home"},{"id":"custom_description","enabled":true,"description_visibility":{"desktop":true,"tablet":true,"mobile":false}},{"id":"custom_meta","enabled":false,"meta_elements":[{"id":"author","enabled":true,"label":"By","has_author_avatar":"yes","avatar_size":25},{"id":"post_date","enabled":true,"label":"On","date_format_source":"default","date_format":"M j, Y"},{"id":"comments","enabled":true}],"page_meta_elements":{"joined":true,"articles_count":true,"comments":true}},{"id":"breadcrumbs","enabled":false}],"26f75b970aa79e3c28002b2ea5095718":"","hero_alignment1":"left","hero_alignment2":"center","hero_vertical_alignment":"center","6771f2f34cc3e9ad28a5ac27daa3cebc":"","hero_structure":"narrow","44987c49ca541051e359db315e4fe525":"","page_title_bg_type":"featured_image","custom_hero_background":{"attachment_id":null},"parallax":{"desktop":false,"tablet":false,"mobile":false},"4787faee7f49c6f172937d521043be7e":"","hero_height":"250px","pageTitleFont":{"family":"Default","variation":"Default","size":{"desktop":"32px","tablet":"30px","mobile":"25px"},"line-height":"CT_CSS_SKIP_RULE","letter-spacing":"CT_CSS_SKIP_RULE","text-transform":"CT_CSS_SKIP_RULE","text-decoration":"CT_CSS_SKIP_RULE"},"pageTitleFontColor":{"default":{"color":"CT_CSS_SKIP_RULEDEFAULT"}},"pageMetaFont":{"family":"Default","variation":"n6","size":{"desktop":"12px","tablet":"12px","mobile":"12px"},"line-height":"1.3","letter-spacing":"CT_CSS_SKIP_RULE","text-transform":"uppercase","text-decoration":"CT_CSS_SKIP_RULE"},"pageMetaFontColor":{"default":{"color":"CT_CSS_SKIP_RULEDEFAULT"},"hover":{"color":"CT_CSS_SKIP_RULEDEFAULT"}},"pageExcerptFont":{"family":"Default","variation":"Default","size":"CT_CSS_SKIP_RULE","line-height":"CT_CSS_SKIP_RULE","letter-spacing":"CT_CSS_SKIP_RULE","text-transform":"CT_CSS_SKIP_RULE","text-decoration":"CT_CSS_SKIP_RULE"},"pageExcerptColor":{"default":{"color":"CT_CSS_SKIP_RULEDEFAULT"}},"breadcrumbsFont":{"family":"Default","variation":"n6","size":"12px","line-height":"CT_CSS_SKIP_RULE","letter-spacing":"CT_CSS_SKIP_RULE","text-transform":"uppercase","text-decoration":"CT_CSS_SKIP_RULE"},"breadcrumbsFontColor":{"default":{"color":"CT_CSS_SKIP_RULEDEFAULT"},"initial":{"color":"CT_CSS_SKIP_RULEDEFAULT"},"hover":{"color":"CT_CSS_SKIP_RULEDEFAULT"}},"pageTitleOverlay":{"default":{"color":"rgba(41, 51, 60, 0.2)"}},"pageTitleBackground":{"background_type":"color","background_pattern":"type-1","background_image":{"attachment_id":null,"x":0,"y":0},"background_repeat":"no-repeat","background_size":"auto","background_attachment":"scroll","patternColor":{"default":{"color":"#e5e7ea"}},"backgroundColor":{"default":{"color":"#EDEFF2"}}},"6c91c1678000458598b8899793389c0d":"","page_structure_type":"default","content_style":"inherit","vertical_spacing_source":"custom","content_area_spacing":"none","background":{"background_type":"color","background_pattern":"type-1","background_image":{"attachment_id":null,"x":0,"y":0},"background_repeat":"no-repeat","background_size":"auto","background_attachment":"scroll","patternColor":{"default":{"color":"#e5e7ea"}},"backgroundColor":{"default":{"color":"CT_CSS_SKIP_RULE"}}},"content_background":{"background_type":"color","background_pattern":"type-1","background_image":{"attachment_id":null,"x":0,"y":0},"background_repeat":"no-repeat","background_size":"auto","background_attachment":"scroll","patternColor":{"default":{"color":"#e5e7ea"}},"backgroundColor":{"default":{"color":"#ffffff"}}},"content_boxed_spacing":{"desktop":"40px","tablet":"35px","mobile":"20px"},"content_boxed_radius":{"top":"3px","bottom":"3px","left":"3px","right":"3px","linked":true},"content_boxed_shadow":{"blur":18,"spread":-6,"v_offset":12,"h_offset":0,"inset":false,"enable":true,"color":{"color":"rgba(34, 56, 101, 0.04)"}},"21e8067b341dffa35d83b1b83fa4ba17":"","disable_featured_image":"no","disable_header":"no","disable_footer":"no","styles_descriptor":{"styles":{"desktop":"","tablet":"","mobile":""},"google_fonts":[],"version":6}},"brizy_media":[{"id":219,"url":"https:\/\/cornejoasociados.com\/inmobiliaria\/wp-content\/uploads\/2020\/08\/ryota-nagasaka-w_5TUm7Xa00-unsplash2.jpg","name":"ryota-nagasaka-w_5TUm7Xa00-unsplash2.jpg","meta":{"brizy_attachment_uid":"wp-c084623301bef5eb5f0961108ffcad1b.jpg","brizy_post_uid":["1f49b9aafa8c0ee4d3d6fbc1b58b9f15"]}},{"id":223,"url":"https:\/\/cornejoasociados.com\/inmobiliaria\/wp-content\/uploads\/2020\/08\/jacqueline-day-1SapfOEZN2g-unsplash.png","name":"jacqueline-day-1SapfOEZN2g-unsplash.png","meta":{"brizy_attachment_uid":"wp-9f81d6ee4d1965723561157d754c710e.png","brizy_post_uid":["1f49b9aafa8c0ee4d3d6fbc1b58b9f15"]}},{"id":236,"url":"https:\/\/cornejoasociados.com\/inmobiliaria\/wp-content\/uploads\/2020\/08\/daniel-korpai-mxPiMiz7KCo-unsplash.jpg","name":"daniel-korpai-mxPiMiz7KCo-unsplash.jpg","meta":{"brizy_attachment_uid":"wp-2a3254b1d3107907b62308f596f1866e.jpg","brizy_post_uid":["1f49b9aafa8c0ee4d3d6fbc1b58b9f15"]}},{"id":239,"url":"https:\/\/cornejoasociados.com\/inmobiliaria\/wp-content\/uploads\/2020\/08\/eftakher-alam-i1VQZsU86ok-unsplash.jpg","name":"eftakher-alam-i1VQZsU86ok-unsplash.jpg","meta":{"brizy_attachment_uid":"wp-79a3d65a99693145cd4daf1be53e0ca1.jpg","brizy_post_uid":["1f49b9aafa8c0ee4d3d6fbc1b58b9f15"]}},{"id":240,"url":"https:\/\/cornejoasociados.com\/inmobiliaria\/wp-content\/uploads\/2020\/08\/s-o-c-i-a-l-c-u-t-OjnmCKmzr3A-unsplash2.jpg","name":"s-o-c-i-a-l-c-u-t-OjnmCKmzr3A-unsplash2.jpg","meta":{"brizy_attachment_uid":"wp-4bfe4dad5f90577d23f39bf663e80095.jpg","brizy_post_uid":["1f49b9aafa8c0ee4d3d6fbc1b58b9f15"]}},{"id":255,"url":"https:\/\/cornejoasociados.com\/inmobiliaria\/wp-content\/uploads\/2020\/08\/ebay.svg","name":"ebay.svg","meta":{"brizy_attachment_uid":"wp-93ebabcd8008df7ce55037339dbe28f8.svg","brizy_post_uid":["1f49b9aafa8c0ee4d3d6fbc1b58b9f15"]}},{"id":257,"url":"https:\/\/cornejoasociados.com\/inmobiliaria\/wp-content\/uploads\/2020\/08\/cnn.svg","name":"cnn.svg","meta":{"brizy_attachment_uid":"wp-b609c07e1c5c34a8e05a0101f81454f9.svg","brizy_post_uid":["1f49b9aafa8c0ee4d3d6fbc1b58b9f15"]}},{"id":258,"url":"https:\/\/cornejoasociados.com\/inmobiliaria\/wp-content\/uploads\/2020\/08\/google.svg","name":"google.svg","meta":{"brizy_attachment_uid":"wp-9dcac421a3a6154987d9e61022729bd6.svg","brizy_post_uid":["1f49b9aafa8c0ee4d3d6fbc1b58b9f15"]}},{"id":259,"url":"https:\/\/cornejoasociados.com\/inmobiliaria\/wp-content\/uploads\/2020\/08\/cisco.svg","name":"cisco.svg","meta":{"brizy_attachment_uid":"wp-c7bf038282807f3dfe5cf0eb4c0bf4e5.svg","brizy_post_uid":["1f49b9aafa8c0ee4d3d6fbc1b58b9f15"]}},{"id":260,"url":"https:\/\/cornejoasociados.com\/inmobiliaria\/wp-content\/uploads\/2020\/08\/airbnb.svg","name":"airbnb.svg","meta":{"brizy_attachment_uid":"wp-2369c117955ebe48cb99b461531db26d.svg","brizy_post_uid":["1f49b9aafa8c0ee4d3d6fbc1b58b9f15"]}},{"id":261,"url":"https:\/\/cornejoasociados.com\/inmobiliaria\/wp-content\/uploads\/2020\/08\/uber.svg","name":"uber.svg","meta":{"brizy_attachment_uid":"wp-7775efb400074ab38e7bbedd4c836bc0.svg","brizy_post_uid":["1f49b9aafa8c0ee4d3d6fbc1b58b9f15"]}},{"id":267,"url":"https:\/\/cornejoasociados.com\/inmobiliaria\/wp-content\/uploads\/2020\/08\/ali-morshedlou-WMD64tMfc4k-unsplash.jpg","name":"ali-morshedlou-WMD64tMfc4k-unsplash.jpg","meta":{"brizy_attachment_uid":"wp-14408f2d05405cc463704c11dfa864e5.jpg","brizy_post_uid":["1f49b9aafa8c0ee4d3d6fbc1b58b9f15"]}},{"id":270,"url":"https:\/\/cornejoasociados.com\/inmobiliaria\/wp-content\/uploads\/2020\/08\/christina-wocintechchat-com-0Zx1bDv5BNY-unsplash.jpg","name":"christina-wocintechchat-com-0Zx1bDv5BNY-unsplash.jpg","meta":{"brizy_attachment_uid":"wp-f1cccbeb9e82e8de45c7d4a7918682e5.jpg","brizy_post_uid":["1f49b9aafa8c0ee4d3d6fbc1b58b9f15"]}},{"id":272,"url":"https:\/\/cornejoasociados.com\/inmobiliaria\/wp-content\/uploads\/2020\/08\/bantersnaps-pzOUnvx9c1E-unsplash.jpg","name":"bantersnaps-pzOUnvx9c1E-unsplash.jpg","meta":{"brizy_attachment_uid":"wp-cf4d52b3f3c67a5c6680f7e7006c051d.jpg","brizy_post_uid":["1f49b9aafa8c0ee4d3d6fbc1b58b9f15"]}},{"id":273,"url":"https:\/\/cornejoasociados.com\/inmobiliaria\/wp-content\/uploads\/2020\/08\/disruptivo-pdejnCbAyxU-unsplash.jpg","name":"disruptivo-pdejnCbAyxU-unsplash.jpg","meta":{"brizy_attachment_uid":"wp-c54f2b17bab1bbe0f201692298240eeb.jpg","brizy_post_uid":["1f49b9aafa8c0ee4d3d6fbc1b58b9f15"]}},{"id":275,"url":"https:\/\/cornejoasociados.com\/inmobiliaria\/wp-content\/uploads\/2020\/08\/zahir-namane-hwc7eIQiTCE-unsplash.jpg","name":"zahir-namane-hwc7eIQiTCE-unsplash.jpg","meta":{"brizy_attachment_uid":"wp-67ad75083582fc69027fdc70b73c5782.jpg","brizy_post_uid":["1f49b9aafa8c0ee4d3d6fbc1b58b9f15"]}},{"id":276,"url":"https:\/\/cornejoasociados.com\/inmobiliaria\/wp-content\/uploads\/2020\/08\/christina-wocintechchat-com-S3GrMiUhpNU-unsplash.jpg","name":"christina-wocintechchat-com-S3GrMiUhpNU-unsplash.jpg","meta":{"brizy_attachment_uid":"wp-b4a8f51a006355fa1c88a32da5dfff41.jpg","brizy_post_uid":["1f49b9aafa8c0ee4d3d6fbc1b58b9f15"]}},{"id":277,"url":"https:\/\/cornejoasociados.com\/inmobiliaria\/wp-content\/uploads\/2020\/08\/austin-distel-7uoMmzPd2JA-unsplash.jpg","name":"austin-distel-7uoMmzPd2JA-unsplash.jpg","meta":{"brizy_attachment_uid":"wp-48961f5abda37bcedf1867fa0ca3618e.jpg","brizy_post_uid":["1f49b9aafa8c0ee4d3d6fbc1b58b9f15"]}},{"id":278,"url":"https:\/\/cornejoasociados.com\/inmobiliaria\/wp-content\/uploads\/2020\/08\/laura-chouette-nkWnc-W_GP8-unsplash.jpg","name":"laura-chouette-nkWnc-W_GP8-unsplash.jpg","meta":{"brizy_attachment_uid":"wp-395be42580d178ee85d57b55c76faf02.jpg","brizy_post_uid":["1f49b9aafa8c0ee4d3d6fbc1b58b9f15"]}},{"id":1677,"url":"https:\/\/cornejoasociados.com\/inmobiliaria\/wp-content\/uploads\/2022\/11\/slider01.jpg","name":"slider01.jpg","meta":{"brizy_attachment_uid":"wp-6ee606586109f0ad73a111cf715fdd8e.jpg","brizy_post_uid":["8f68408a997247cf631f64361452368d","1f49b9aafa8c0ee4d3d6fbc1b58b9f15"]}},{"id":1678,"url":"https:\/\/cornejoasociados.com\/inmobiliaria\/wp-content\/uploads\/2022\/11\/slider02.jpg","name":"slider02.jpg","meta":{"brizy_attachment_uid":"wp-7865013dfd0e3d6c70a56315b7d11f90.jpg","brizy_post_uid":["1f49b9aafa8c0ee4d3d6fbc1b58b9f15"]}},{"id":2962,"url":"https:\/\/cornejoasociados.com\/inmobiliaria\/wp-content\/uploads\/2023\/02\/rosmery.jpg","name":"rosmery.jpg","meta":{"brizy_attachment_uid":"wp-a3886c960105c3dbad8796f1a26b6d62.jpg","brizy_post_uid":["1f49b9aafa8c0ee4d3d6fbc1b58b9f15"]}},{"id":2965,"url":"https:\/\/cornejoasociados.com\/inmobiliaria\/wp-content\/uploads\/2023\/02\/karla.jpg","name":"karla.jpg","meta":{"brizy_attachment_uid":"wp-eefb4162640e117eea38686ec93ed066.jpg","brizy_post_uid":["1f49b9aafa8c0ee4d3d6fbc1b58b9f15"]}},{"id":2987,"url":"https:\/\/cornejoasociados.com\/inmobiliaria\/wp-content\/uploads\/2023\/03\/ygor.jpeg","name":"ygor.jpeg","meta":{"brizy_attachment_uid":"wp-1ed15a4564b1128f00ea3d7c57a9fab6.jpeg","brizy_post_uid":["1f49b9aafa8c0ee4d3d6fbc1b58b9f15"]}},{"id":2999,"url":"https:\/\/cornejoasociados.com\/inmobiliaria\/wp-content\/uploads\/2023\/03\/KATIA.jpeg","name":"KATIA.jpeg","meta":{"brizy_attachment_uid":"wp-3aad9f60d0b8c40fb7d8ff85f95c9538.jpeg","brizy_post_uid":["1f49b9aafa8c0ee4d3d6fbc1b58b9f15"]}},{"id":3771,"url":"https:\/\/cornejoasociados.com\/inmobiliaria\/wp-content\/uploads\/2023\/05\/rosmery.jpg","name":"rosmery.jpg","meta":{"brizy_attachment_uid":"wp-e7237716a988b8d82e142b3b631cf931.jpg","brizy_post_uid":["1f49b9aafa8c0ee4d3d6fbc1b58b9f15"]}},{"id":3850,"url":"https:\/\/cornejoasociados.com\/inmobiliaria\/wp-content\/uploads\/2023\/06\/fotos.jpeg","name":"fotos.jpeg","meta":{"brizy_attachment_uid":"wp-e79d619e96f1c382c592b78dfa6ee56f.jpeg","brizy_post_uid":["1f49b9aafa8c0ee4d3d6fbc1b58b9f15"]}},{"id":6342,"url":"https:\/\/cornejoasociados.com\/inmobiliaria\/wp-content\/uploads\/2023\/04\/portada888.jpg","name":"portada888.jpg","meta":{"brizy_attachment_uid":"wp-3fc10608a1eadbb9a5ad3ec51be4925d.jpg","brizy_post_uid":["1f49b9aafa8c0ee4d3d6fbc1b58b9f15"]}},{"id":6420,"url":"https:\/\/cornejoasociados.com\/inmobiliaria\/wp-content\/uploads\/2025\/08\/veronica1.jpg","name":"veronica1.jpg","meta":{"brizy_attachment_uid":"wp-61b44503fdb1f2e0b6e5b97e7bd73838.jpg","brizy_post_uid":["1f49b9aafa8c0ee4d3d6fbc1b58b9f15"]}}],"_links":{"self":[{"href":"https:\/\/cornejoasociados.com\/inmobiliaria\/wp-json\/wp\/v2\/pages\/1085","targetHints":{"allow":["GET"]}}],"collection":[{"href":"https:\/\/cornejoasociados.com\/inmobiliaria\/wp-json\/wp\/v2\/pages"}],"about":[{"href":"https:\/\/cornejoasociados.com\/inmobiliaria\/wp-json\/wp\/v2\/types\/page"}],"author":[{"embeddable":true,"href":"https:\/\/cornejoasociados.com\/inmobiliaria\/wp-json\/wp\/v2\/users\/1"}],"replies":[{"embeddable":true,"href":"https:\/\/cornejoasociados.com\/inmobiliaria\/wp-json\/wp\/v2\/comments?post=1085"}],"version-history":[{"count":30,"href":"https:\/\/cornejoasociados.com\/inmobiliaria\/wp-json\/wp\/v2\/pages\/1085\/revisions"}],"predecessor-version":[{"id":6414,"href":"https:\/\/cornejoasociados.com\/inmobiliaria\/wp-json\/wp\/v2\/pages\/1085\/revisions\/6414"}],"wp:attachment":[{"href":"https:\/\/cornejoasociados.com\/inmobiliaria\/wp-json\/wp\/v2\/media?parent=1085"}],"curies":[{"name":"wp","href":"https:\/\/api.w.org\/{rel}","templated":true}]}}